{"id":67,"date":"2019-10-07T12:48:48","date_gmt":"2019-10-07T12:48:48","guid":{"rendered":"http:\/\/periclesprod.wpengine.com\/?page_id=67"},"modified":"2020-07-10T10:57:18","modified_gmt":"2020-07-10T10:57:18","slug":"terms-conditions-privacy","status":"publish","type":"page","link":"https:\/\/mapyourheritage.eu\/da\/terms-conditions-privacy\/","title":{"rendered":"Vilk\u00e5r, betingelser og Beskyttelse af personlige oplysninger"},"content":{"rendered":"\n<p>Velkommen til PERICLES portalen. Hvis du forts\u00e6tter og anvender websitet, indvilliger du i at f\u00f8lge og v\u00e6re omfattet af de efterf\u00f8lgende vilk\u00e5r og betingelser for brug, der sammen med privatlivspolitikken bestemmer PERICLES\u2019 forhold til dig i relation til dette website. Hvis du er uenig i nogle aspekter af disse vilk\u00e5r og betingelser, bedes du venligst ikke anvende vores website.<\/p>\n\n\n\n<p>\u2018PERICLES\u2019, \u2018os\u2019 eller \u2018vi\u2019 referer til ejerne af websitet. Ejernes registrerede adresse er University of York, Environment and Geography Department, York, UK. \u2018Du\u2019 eller \u2018din\u2019 refererer til brugeren eller den bes\u00f8gende p\u00e5 websitet.<\/p>\n\n\n\n<p>Anvendelse af dette website er genstand for f\u00f8lgende vilk\u00e5r for anvendelse:<\/p>\n\n\n\n<ul><li> Indholdet p\u00e5 websitets sider er til generel information og anvendelse. Indholdet kan \u00e6ndre sig uden underretning herom. <\/li><li>Websitet anvender cookies med henblik p\u00e5 at kende dine pr\u00e6ferencer.<\/li><li>Hverken vi eller nogen tredje part udbyder garantier i henhold til den udbudte informations og materialers n\u00f8jagtighed, tidslighed, anvendelighed, fuldst\u00e6ndighed eller egnethed til noget bestemt form\u00e5l.<\/li><li>Din anvendelse af information eller materialer fra websitet er udelukkende p\u00e5 eget ansvar. En anvendelse vi ikke er ansvarlige for. Det er dit eget ansvar at sikre, at produkter, services eller information tilg\u00e6ngelig gennem dette website m\u00f8der dine specifikke krav.<\/li><li>Dette website indeholder materialer, der er ejet eller licenseret til os. Dette materiale d\u00e6kker over, men er ikke begr\u00e6nset til, designet, layoutet, udseende og grafik. Reproduktion er forbudt, medmindre det er i overensstemmelse med den ophavsretsunderretning, der danner grundlag for disse vilk\u00e5r og betingelser.<\/li><li>Alle varem\u00e6rker reproduceret p\u00e5 dette website, der ikke er ejet eller licenseret til operatoren, er anerkendte p\u00e5 websitet.<\/li><li>Uautoriseret brug af dette website kan medf\u00f8re skadeserstatning og\/eller v\u00e6re strafbart.<\/li><li>Fra tid til anden kan dette website inkludere links til andre websites. Disse links er inkluderet for at kunne give dig mulighed for at f\u00e5 adgang til yderligere information. Links er ikke et udtryk for, at vi bifalder de(t) p\u00e5g\u00e6ldende website(s). Vi har ingen ansvar for indholdet af websites, der henvises til.<\/li><li>Din brug af dette website og eventuel uenighed herom er underlagt Englands, Nordirlands, Skotlands og Wales\u2019 love.<\/li><li>Alt originalt data uploadet til PERICLES portalen er indsendt under en Creative Commons licens (CC BY-SA 4.0). (<a href=\"https:\/\/creativecommons.org\/licenses\/by-sa\/4.0\/legalcode\" target=\"_blank\" rel=\"noreferrer noopener\" aria-label=\"https:\/\/creativecommons.org\/licenses\/by-sa\/4.0\/legalcode (opens in a new tab)\">https:\/\/creativecommons.org\/licenses\/by-sa\/4.0\/legalcode<\/a>)<\/li><\/ul>\n\n\n\n<h3><strong>Ansvarsfraskrivelse<\/strong><\/h3>\n\n\n\n<ul><li>Informationen tilg\u00e6ngelig p\u00e5 dette website er tilt\u00e6nkt udelukkende at give generel information.<\/li><li>Selvom der ydes en aktiv indsats for at holde PERICLES portalen opdateret, er det dit ansvar at kontakte ejeren af data direkte for at tjekke n\u00f8jagtigheden, hvis n\u00f8dvendigt. Links til dataudbyderorganisationer kan findes p\u00e5 websitet.<\/li><li>Brugerne er r\u00e5det til at efterleve datalicensens vilk\u00e5r og betingelser fra de relevante dataudbyder organisationer.<\/li><li>PERICLES og dataudbydere vil ikke p\u00e5tage noget ansvar for tab eller skader opst\u00e5et af eller i forbindelse med anvendelse af denne portal eller nogen data herfra.<\/li><li>Alt originalt data uploadet til PERICLES portalen er indsendt under en Creative Commons licens (CC BY-NC-SA 4.0 unported). (<a href=\"https:\/\/creativecommons.org\/licenses\/by-nc-nd\/4.0\/legalcode\">https:\/\/creativecommons.org\/licenses\/by-nc-nd\/4.0\/legalcode<\/a>)<\/li><\/ul>\n\n\n\n<p>Jeg har l\u00e6st og accepteret vilk\u00e5r og betingelser.<\/p>\n\n\n\n<h3><strong>Beskyttelse af personlige oplysninger<\/strong><\/h3>\n\n\n\n<p><strong>Introduktion<\/strong><\/p>\n\n\n\n<p>Dit privatliv er vigtigt for os. Denne bekendtg\u00f8relse d\u00e6kker over al data, du stiller til r\u00e5dighed for dette website.<\/p>\n\n\n\n<p>Bekendtg\u00f8relsen klarl\u00e6gger, hvorledes University of York samler, anvender, opbevarer og deler dine data. Den klarl\u00e6gger ogs\u00e5, hvor l\u00e6nge vi opbevarer dine data, og hvilke rettigheder du har i henhold til data under den generelle forordning om databeskyttelse (GDPR).<\/p>\n\n\n\n<p>Websitet er vedligeholdt af PERICLES\u2019 arbejdsgruppe ved University of York. I henhold til n\u00e6rv\u00e6rende databeskyttelsesforordning er University of York datakontroll\u00f8ren som defineret i den generelle forordning om databeskyttelse (GDPR).<\/p>\n\n\n\n<p>Dette website er underlagt University of Yorks generelle beskyttelse af personlige oplysninger (<a href=\"https:\/\/www.york.ac.uk\/records-management\/dp\/your-info\/generalprivacynotice\/\">https:\/\/www.york.ac.uk\/records-management\/dp\/your-info\/generalprivacynotice\/<\/a>). Specifikke detaljer er specifikke til PERICLES portalen. L\u00e6s venligt persondataforordningen grundigt og kontakt os, hvis der er nogen sp\u00f8rgsm\u00e5l eller bekymring i forbindelse med praksisser vedr. beskyttelse af personlige oplysninger.<\/p>\n\n\n\n<p><strong>Hvorfor indsamler vi dine data?<\/strong><\/p>\n\n\n\n<p>Informationen du stiller til r\u00e5dighed, vil blive anvendt af PERICLES arbejdsgruppe til bedre at forst\u00e5 den v\u00e6rdi, individer og organisationer tilskriver den maritime kulturarv.<\/p>\n\n\n\n<p>University of Yorks databehandling i forskningen er underlagt: <a href=\"https:\/\/www.york.ac.uk\/about\/departments\/support-and-admin\/information-services\/information-policy\/index\/research-data-management-policy\/\">https:\/\/www.york.ac.uk\/about\/departments\/support-and-admin\/information-services\/information-policy\/index\/research-data-management-policy\/<\/a><\/p>\n\n\n\n<p><strong>Hvor f\u00e5r vi dine data fra?<\/strong><\/p>\n\n\n\n<p> Vi opbevarer data indsamlet fra en formular, du udfylder, n\u00e5r du registrerer dig p\u00e5 websitet samt fra korrespondance gennem \u2018kontakt os\u2019 formularen. <\/p>\n\n\n\n<p><strong>Hvilken information indsamler vi?<\/strong><\/p>\n\n\n\n<p> Den personlige data, vi opbevarer, indeholder dit navn, adresse og e-mailadresse, f\u00f8dselsdag og k\u00f8n. Vi opbevarer ogs\u00e5 e-mailkorrespondance mellem dig og os. <\/p>\n\n\n\n<p>YDu har ogs\u00e5 mulighed for at uploade dine egne data relateret til maritim kulturarv. Data vil blive opbevaret forsvarligt og anvendt af os og\/eller projektpartnere. S\u00e5danne data kan for eksempel vedr\u00f8re information om lokaliteter, datoer, fotografier og videoer.<\/p>\n\n\n\n<p>Denne datadeling hj\u00e6lper fremtidig forskning, uddannelse og vores nationale forst\u00e5else af den maritime kulturarvs problemstillinger. Derfor vil anonymiserede data muligvis blive delt med projektpartnere. Ved at uploade dine data accepterer du vores tilgang til datadeling.<\/p>\n\n\n\n<p><strong>Hvordan anvender vi personlig information?<\/strong><\/p>\n\n\n\n<p>Vi kan anvende dine personlige data med f\u00f8lgende form\u00e5l:<\/p>\n\n\n\n<ul><li>Ops\u00e6tning af brugerprofil og administration<\/li><li>Akademisk forskning (pseudoanonymiseret)<\/li><\/ul>\n\n\n\n<p><strong>Hvad er vores juridiske grundlag for behandling af personlige data?<\/strong><\/p>\n\n\n\n<p>Vi behandler dine personlige data fordi:<\/p>\n\n\n\n<ul><li>Det er n\u00f8dvendigt iht. vores legitime interesse (se venligst&nbsp; <a href=\"https:\/\/www.pericles-heritage.eu\/\">https:\/\/www.pericles-heritage.eu<\/a>)<\/li><li>du har givet os dit samtykke (du kan n\u00e5r som helst tilbagetr\u00e6kke eller administrere dit samtykke i din brugerprofil)<\/li><\/ul>\n\n\n\n<p><strong>Hvorn\u00e5r deler vi personlige data?<\/strong><\/p>\n\n\n\n<p>Vi behandler personlige data fortroligt. Vi oplyser kun information til tredjeparter eller individer, hvis vi er lovm\u00e6ssigt forpligtede med hensyn til national sikkerhed, efterforskning af kriminalitet, og hvis du har accepteret at dele informationen. Alle personlige data anvendt i forbindelse med akademisk forskning vil blive pseudoanonymiseret. Foresp\u00f8rgsel p\u00e5 data fra eksterne parter vil blive behandlet situationsspecifikt.<\/p>\n\n\n\n<p><strong>Hvordan holder vi din data sikker?<\/strong><\/p>\n\n\n\n<p>We take information security extremely\nseriously and have implemented appropriate technical and organisational\nmeasures to protect personal data and special category data. Access to\ninformation is restricted on a need-to-know basis and security arrangements are\nregularly reviewed to ensure their continued suitability.<\/p>\n\n\n\n<p>Alle data vil blive sikkert opbevaret p\u00e5 servere ved University of York. Vi tager datasikkerhed ekstremt seri\u00f8st og har implementeret hensigtsm\u00e6ssige tekniske og organisatoriske tiltag til at beskytte personlige data og specielle kategoriserede data. Adgang til informationen er begr\u00e6nset til det absolut n\u00f8dvendige, og sikkerhedsforanstaltninger bliver regelm\u00e6ssigt evalueret for at sikre fortsat tilstr\u00e6kkelighed. For yderligere information, se <a href=\"https:\/\/www.york.ac.uk\/it-services\/security\/\">https:\/\/www.york.ac.uk\/it-services\/security\/<\/a>.&nbsp;&nbsp; <\/p>\n\n\n\n<p>I specifikke tilf\u00e6lde kan det v\u00e6re n\u00f8dvendigt at overflytte dine personlige data udenfor det Det Europ\u00e6iske \u00d8konomiske Samarbejdsomr\u00e5de. I relation til s\u00e5danne overflytninger vil universitetet efterleve vores forpligtelse under databeskyttelseslovgivningen og sikre et tilstr\u00e6kkeligt sikkerhedsniveau p\u00e5 alle overflyttede data.<\/p>\n\n\n\n<p>Al data anvendt i forskning vil efterleve alle relevante juridiske krav og adf\u00e6rdskodeks. Fortrolighed og oplysninger om risici er kontrolleret i henhold til tilvejebringelse af informationssikkerhed og datah\u00e5ndteringspolitik. Individer vil blive pseudoanonymiseret ved allokation af et unikt ID, der vil blive anvendt til at identificere alle elektroniske arkiver.&nbsp;&nbsp;&nbsp; <\/p>\n\n\n\n<p><strong>Hvor l\u00e6nge opbevarer vi din data?<\/strong><\/p>\n\n\n\n<p>Vi opbevarer kun din information, s\u00e5 l\u00e6nge det er n\u00f8dvendigt for det givne form\u00e5l, informationen anvendes til. Denne periode vil v\u00e6re projektets omfang (tre \u00e5r) plus fem \u00e5r efter det. Det er for at maksimere nytten opn\u00e5et fra websitet og for at tilvejebringe kontinuitet i projektet. Alle data vil blive sikkert bortskaffet.<\/p>\n\n\n\n<p><strong>Hvilke rettigheder har du i relation til din data?<\/strong><\/p>\n\n\n\n<p>If\u00f8lge EU\u2019s generelle forordning om databeskyttelse (GDPR) har du ret til at blive informeret, ret til at tilg\u00e5, ret til berigtigelse, ret til at slette (under s\u00e6rlige omst\u00e6ndigheder), ret til begr\u00e6nsning, ret til indsigelse eller portabilitet (under s\u00e6rlige omst\u00e6ndigheder). Du har ogs\u00e5 ret til at tilbagetr\u00e6kke samtykke.<\/p>\n\n\n\n<p><strong>Sp\u00f8rgsm\u00e5l ved bet\u00e6nkelighed<\/strong><\/p>\n\n\n\n<p>Hvis du har nogle sp\u00f8rgsm\u00e5l eller bet\u00e6nkeligheder vedr\u00f8rende vores privatlivspolitik eller beskyttelsen af dine personlige informationer, kan du kontakte os gennem \u2018kontakt os\u2019 siden.<\/p>\n\n\n\n<p><strong>Links til andre websites \/ tredjepart indholdet<\/strong><\/p>\n\n\n\n<p> Alle links til eksterne sider, ressourcer og data fundet p\u00e5 dette website er ikke udtryk for en anbefaling, og vi tager ikke ansvar for indholdet (eller informationen) p\u00e5 de forbundene websites. <\/p>\n\n\n\n<p><strong>Din ret til at klage<\/strong><\/p>\n\n\n\n<p>Hvis du er utilfreds med m\u00e5den, hvorp\u00e5 vi har h\u00e5ndteret dine personlige data, har du ret til at klage til Informationskommiss\u00e6rens kontor. For information vedr\u00f8rende rapportering af anliggende til&nbsp;&nbsp; Informationskommiss\u00e6rens kontor, se <a href=\"http:\/\/www.ico.org.uk\/concerns\">www.ico.org.uk\/concerns<\/a>.<\/p>\n","protected":false},"excerpt":{"rendered":"<p>Velkommen til PERICLES portalen. Hvis du forts\u00e6tter og anvender websitet, indvilliger du i at f\u00f8lge og v\u00e6re omfattet af de efterf\u00f8lgende vilk\u00e5r og betingelser for brug, der sammen med privatlivspolitikken bestemmer PERICLES\u2019 forhold til dig i relation til dette website. Hvis du er uenig i nogle aspekter af disse vilk\u00e5r og betingelser, bedes du venligst<a class=\"excerpt-read-more\" href=\"https:\/\/mapyourheritage.eu\/da\/terms-conditions-privacy\/\" title=\"L\u00e6sVilk\u00e5r, betingelser og Beskyttelse af personlige oplysninger\">&#8230; L\u00e6s mere &raquo;<\/a><\/p>\n","protected":false},"author":3,"featured_media":0,"parent":0,"menu_order":0,"comment_status":"closed","ping_status":"closed","template":"","meta":{"_monsterinsights_skip_tracking":false,"_monsterinsights_sitenote_active":false,"_monsterinsights_sitenote_note":"","_monsterinsights_sitenote_category":0},"translation":{"provider":"WPGlobus","version":"2.10.4","language":"da","enabled_languages":["en","fr","pt","et","da","nl","el","mt"],"languages":{"en":{"title":true,"content":true,"excerpt":false},"fr":{"title":true,"content":true,"excerpt":false},"pt":{"title":true,"content":true,"excerpt":false},"et":{"title":true,"content":true,"excerpt":false},"da":{"title":true,"content":true,"excerpt":false},"nl":{"title":true,"content":true,"excerpt":false},"el":{"title":true,"content":true,"excerpt":false},"mt":{"title":true,"content":true,"excerpt":false}}},"_links":{"self":[{"href":"https:\/\/mapyourheritage.eu\/da\/wp-json\/wp\/v2\/pages\/67"}],"collection":[{"href":"https:\/\/mapyourheritage.eu\/da\/wp-json\/wp\/v2\/pages"}],"about":[{"href":"https:\/\/mapyourheritage.eu\/da\/wp-json\/wp\/v2\/types\/page"}],"author":[{"embeddable":true,"href":"https:\/\/mapyourheritage.eu\/da\/wp-json\/wp\/v2\/users\/3"}],"replies":[{"embeddable":true,"href":"https:\/\/mapyourheritage.eu\/da\/wp-json\/wp\/v2\/comments?post=67"}],"version-history":[{"count":13,"href":"https:\/\/mapyourheritage.eu\/da\/wp-json\/wp\/v2\/pages\/67\/revisions"}],"predecessor-version":[{"id":170,"href":"https:\/\/mapyourheritage.eu\/da\/wp-json\/wp\/v2\/pages\/67\/revisions\/170"}],"wp:attachment":[{"href":"https:\/\/mapyourheritage.eu\/da\/wp-json\/wp\/v2\/media?parent=67"}],"curies":[{"name":"wp","href":"https:\/\/api.w.org\/{rel}","templated":true}]}}