{"id":91,"date":"2019-10-18T15:13:58","date_gmt":"2019-10-18T15:13:58","guid":{"rendered":"http:\/\/periclesprod.wpengine.com\/?page_id=91"},"modified":"2021-04-29T08:33:34","modified_gmt":"2021-04-29T08:33:34","slug":"about-pericles","status":"publish","type":"page","link":"https:\/\/mapyourheritage.eu\/da\/about-pericles\/","title":{"rendered":"Yderlig information"},"content":{"rendered":"\n<p>PERICLES er et EU-finansieret forsknings- og innovationsprojekt, der l\u00f8ber fra 2018-2021. PERICLES arbejder for en b\u00e6redygtig demokratisk regulering af kulturarven i Europas kyst og maritime regioner gennem en unik interdisciplin\u00e6rt og geografisk vidtfavnende tilgang. Projektets overordnede m\u00e5l er at udvikle og demonstrere et sammenh\u00e6ngende framework, der g\u00f8r det muligt at forst\u00e5, bevare og udnytte den maritime kulturarv som et samfundsm\u00e6ssigt gode.<\/p>\n\n\n\n<p>Bes\u00f8g vores website for mere information: <a href=\"https:\/\/www.pericles-heritage.eu\/\">https:\/\/www.pericles-heritage.eu<\/a><\/p>\n","protected":false},"excerpt":{"rendered":"<p>PERICLES er et EU-finansieret forsknings- og innovationsprojekt, der l\u00f8ber fra 2018-2021. PERICLES arbejder for en b\u00e6redygtig demokratisk regulering af kulturarven i Europas kyst og maritime regioner gennem en unik interdisciplin\u00e6rt og geografisk vidtfavnende tilgang. Projektets overordnede m\u00e5l er at udvikle og demonstrere et sammenh\u00e6ngende framework, der g\u00f8r det muligt at forst\u00e5, bevare og udnytte den<a class=\"excerpt-read-more\" href=\"https:\/\/mapyourheritage.eu\/da\/about-pericles\/\" title=\"L\u00e6sYderlig information\">&#8230; L\u00e6s mere &raquo;<\/a><\/p>\n","protected":false},"author":4,"featured_media":0,"parent":0,"menu_order":0,"comment_status":"closed","ping_status":"closed","template":"","meta":{"_monsterinsights_skip_tracking":false,"_monsterinsights_sitenote_active":false,"_monsterinsights_sitenote_note":"","_monsterinsights_sitenote_category":0},"translation":{"provider":"WPGlobus","version":"2.10.4","language":"da","enabled_languages":["en","fr","pt","et","da","nl","el","mt"],"languages":{"en":{"title":true,"content":true,"excerpt":false},"fr":{"title":true,"content":true,"excerpt":false},"pt":{"title":true,"content":true,"excerpt":false},"et":{"title":true,"content":true,"excerpt":false},"da":{"title":true,"content":true,"excerpt":false},"nl":{"title":true,"content":true,"excerpt":false},"el":{"title":true,"content":true,"excerpt":false},"mt":{"title":true,"content":true,"excerpt":false}}},"_links":{"self":[{"href":"https:\/\/mapyourheritage.eu\/da\/wp-json\/wp\/v2\/pages\/91"}],"collection":[{"href":"https:\/\/mapyourheritage.eu\/da\/wp-json\/wp\/v2\/pages"}],"about":[{"href":"https:\/\/mapyourheritage.eu\/da\/wp-json\/wp\/v2\/types\/page"}],"author":[{"embeddable":true,"href":"https:\/\/mapyourheritage.eu\/da\/wp-json\/wp\/v2\/users\/4"}],"replies":[{"embeddable":true,"href":"https:\/\/mapyourheritage.eu\/da\/wp-json\/wp\/v2\/comments?post=91"}],"version-history":[{"count":13,"href":"https:\/\/mapyourheritage.eu\/da\/wp-json\/wp\/v2\/pages\/91\/revisions"}],"predecessor-version":[{"id":329,"href":"https:\/\/mapyourheritage.eu\/da\/wp-json\/wp\/v2\/pages\/91\/revisions\/329"}],"wp:attachment":[{"href":"https:\/\/mapyourheritage.eu\/da\/wp-json\/wp\/v2\/media?parent=91"}],"curies":[{"name":"wp","href":"https:\/\/api.w.org\/{rel}","templated":true}]}}