{"id":67,"date":"2019-10-07T12:48:48","date_gmt":"2019-10-07T12:48:48","guid":{"rendered":"http:\/\/periclesprod.wpengine.com\/?page_id=67"},"modified":"2020-07-10T10:57:18","modified_gmt":"2020-07-10T10:57:18","slug":"terms-conditions-privacy","status":"publish","type":"page","link":"https:\/\/mapyourheritage.eu\/et\/terms-conditions-privacy\/","title":{"rendered":"Portaali tingimused ja Isikuandmete puutumatust k\u00e4sitlev teade"},"content":{"rendered":"\n<p><strong>Portaali tingimused<\/strong><\/p>\n\n\n\n<p>Tere tulemast k\u00fclastama portaali PERICLES. Kui\nj\u00e4tkad veebisaidi sirvimist ja kasutamist, siis oled n\u00f5ustunud j\u00e4rgima allpool\ntoodud kasutustingimusi, mis koos meie isikuandmete kaitse p\u00f5him\u00f5tetega\nreguleerivad Sinu ja portaali PERICLES vahelisi suhteid seoses k\u00e4esoleva\nveebisaidiga. Kui Sa m\u00f5nega s\u00e4testatud tingimustest n\u00f5us ei ole, siis palume\nSul loobuda meie veebisaidi kasutamisest.<\/p>\n\n\n\n<p>M\u00f5iste \u201ePERICLES\u201c v\u00f5i \u201emeie\u201c viitab veebisaidi\nomanikule, mille registreeritud asukoht on Yorki \u00dclikool, keskkonna- ja\ngeograafia osakond, York, \u00dchendkuningriik. M\u00f5iste \u201eSina\u201c viitab meie veebisaidi\nkasutajale v\u00f5i sirvijale.<\/p>\n\n\n\n<p>Veebisaidi kasutamist reguleerivad j\u00e4rgmised\ntingimused:<\/p>\n\n\n\n<ul><li>Veebisaidil olev sisu on m\u00f5eldud \u00fcksnes \u00fcldiseks teavitamiseks \u00a0ja kasutamiseks. See v\u00f5ib muutuda ilma ette teatamata.<\/li><li>Sinu eelistuste j\u00e4lgimiseks kasutatakse veebisaidil k\u00fcpsiseid. <\/li><li>Ei meie ega ka \u00fckski kolmas isik ei anna mingeid tagatisi ega garantiisid selle kohta, et veebisaidil leiduv v\u00f5i pakutav teave ja materjalid on t\u00e4psed, ajakohased, toimivad, t\u00e4ielikud v\u00f5i sobivad kasutamiseks m\u00f5nel konkreetsel eesm\u00e4rgil. <\/li><li>Sa kasutad kogu veebisaidil leiduvat teavet ja materjale t\u00e4ielikult omal riisikol ja me ei v\u00f5ta endale sellega seoses mingit vastutust. Sa oled ise kohustatud veenduma, et k\u00f5ik veebisaidi kaudu pakutavad tooted, teenused v\u00f5i andmed vastavad Sinu konkreetsetele n\u00f5uetele.<\/li><li>Veebisaidil on avaldatud materjale, mille omandi\u00f5igus kuulub meile v\u00f5i mis on meile litsentsitud. Selliseks materjaliks on muu hulgas disain, kujundus, v\u00e4limus, \u00fcldilme ja graafika. Materjali v\u00f5ib reprodutseerida \u00fcksnes juhul, kui sellega kaasneb autori\u00f5igustele viitav m\u00e4rge, mis kujutab endast k\u00e4esolevate tingimuste osa.<\/li><li>K\u00f5ik veebisaidil esitatud kaubam\u00e4rgid, mille omandi\u00f5igus ei kuulu saidi operaatorile v\u00f5i mida operaator ei kasuta litsentsi alusel, on vastavalt t\u00e4histatud.<\/li><li>Veebisaidi omavoliline kasutamine v\u00f5ib anda aluse kahjun\u00f5ude esitamiseks ja\/v\u00f5i kujutada endast kuritegu.<\/li><li>M\u00f5nel juhul v\u00f5ib veebisaidil olla linke teistele veebisaitidele. Need lingid on avaldatud selleks, et Sul oleks mugavam leida t\u00e4iendavat infot. Linkide avaldamine ei t\u00e4henda, et me oleme lingitud veebisaidi(d) heaks kiitnud. Me ei vastuta lingitud veebisaidi\/saitide sisu eest.<\/li><li>K\u00e4esoleva veebisaidi kasutamist ja saidi kasutamisest t\u00f5usetuvate vaidluste lahendamist reguleerivad Inglismaa, P\u00f5hja-Iirimaa, \u0160otimaa ja Walesi \u00f5igusaktid.<\/li><li>K\u00f5ik portaali PERICLES \u00fcleslaaditud algselt loodud andmed on esitatud Creative Commonsi litsentsi alusel (CC BY-SA 4.0). (<a href=\"https:\/\/creativecommons.org\/licenses\/by-sa\/4.0\/legalcode\" target=\"_blank\" rel=\"noreferrer noopener\" aria-label=\"https:\/\/creativecommons.org\/licenses\/by-sa\/4.0\/legalcode (opens in a new tab)\">https:\/\/creativecommons.org\/licenses\/by-sa\/4.0\/legalcode<\/a>)<\/li><\/ul>\n\n\n\n<p><strong>Vastutuse\nv\u00e4listamise klausel<\/strong><\/p>\n\n\n\n<ul><li>Sellel veebisaidil esitatud info on m\u00f5eldud \u00fcksnes\n\u00fcldiseks teavitamiseks &nbsp;.<\/li><li>Ehkki me\nanname endast parima, et portaalis PERICLES avaldatud info oleks ajakohane,\noled Sa ise kohustatud v\u00f5tma vajaduse korral \u00fchendust andmete omanikuga, et\nnende \u00f5igsust kontrollida. Veebisaidilt leiad lingid andmeallikateks olevate\norganisatsioonide saitidele.<\/li><li>Soovitame\nkasutajatel j\u00e4rgida andmete litsentsimise tingimusi, mille on kehtestanud\nasjaomaste andmete allikaks olevad organisatsioonid.<\/li><li>PERICLES ja\nandmete esitajad ei v\u00f5ta endale mingit vastutust mis tahes kaotuste v\u00f5i kahjude\neest, mille p\u00f5hjuseks on portaali v\u00f5i sellel leiduvate andmete kasutamine mis\ntahes eesm\u00e4rgil v\u00f5i tuleneb sellest.<\/li><li>K\u00f5ik portaali\nPERICLES \u00fcleslaaditud algselt loodud andmed on esitatud Creative Commonsi\nlitsentsi alusel (CC BY-NC-SA 4.0 unported). (<a href=\"https:\/\/creativecommons.org\/licenses\/by-nc-nd\/4.0\/legalcode\">https:\/\/creativecommons.org\/licenses\/by-nc-nd\/4.0\/legalcode<\/a>)<\/li><\/ul>\n\n\n\n<p>Olen tingimused l\u00e4bi lugenud ja n\u00f5ustun nendega.<\/p>\n\n\n\n<p><strong>Isikuandmete puutumatust k\u00e4sitlev teade<\/strong><\/p>\n\n\n\n<p><strong>Sissejuhatus<\/strong><\/p>\n\n\n\n<p>Sinu\nisikuandmete kaitsmine on meile v\u00e4ga oluline. K\u00e4esolevat teadet kohaldatakse\nk\u00f5igile andmetele, mis Sa sellel veebisaidil avaldad.<\/p>\n\n\n\n<p>Teatest\nleiad infot selle kohta, kuidas Yorki \u00dclikool Sinu andmeid kogub, s\u00e4ilitab ja\njagab. Lisaks k\u00e4sitleb teade seda, kui kaua me Sinu andmeid s\u00e4ilitame ning\nmillised \u00f5igused Sul isikuandmete kaitse \u00fcldm\u00e4\u00e4ruse (GDPR) kohaselt oma andmete\nsuhtes on.<\/p>\n\n\n\n<p>Veebisaiti\nhaldab Yorki \u00dclikooli programmi PERICLES t\u00f6\u00f6grupp. K\u00e4esoleva isikuandmete\npuutumatust k\u00e4sitleva teate m\u00f5ttes on isikuandmete kaitse \u00fcldm\u00e4\u00e4ruses (GDPR)\ns\u00e4testatud vastutavaks t\u00f6\u00f6tlejaks Yorki \u00dclikool.<\/p>\n\n\n\n<p>See\nveebisait kohaldab Yorki \u00dclikooli \u00fcldist isikuandmete puutumatust k\u00e4sitlevat\nteadet (<a href=\"https:\/\/www.york.ac.uk\/records-management\/dp\/your-info\/generalprivacynotice\/\">https:\/\/www.york.ac.uk\/records-management\/dp\/your-info\/generalprivacynotice\/<\/a>).\nMis tahes spetsiifilised \u00fcksikasjad puudutavad konkreetselt portaali PERICLES. Palume\nSul isikuandmete kaitse p\u00f5him\u00f5tted hoolikalt l\u00e4bi lugeda ja meiega \u00fchendust\nv\u00f5tta, kui Sul peaks meie puutumatuse tavade osas k\u00fcsimusi v\u00f5i kahtlusi\ntekkima.<\/p>\n\n\n\n<p><strong>Milleks me Sinu isikuandmeid kogume?<\/strong><\/p>\n\n\n\n<p>Programmi PERICLES t\u00f6\u00f6grupp kasutab\nandmeid, mis Sa meile esitad, eesm\u00e4rgiga paremini m\u00f5ista inimeste ja\norganisatsioonide merekultuurip\u00e4randi v\u00e4\u00e4rtusi.<\/p>\n\n\n\n<p>T\u00f6\u00f6grupp j\u00e4rgib t\u00e4ies mahus Yorki\n\u00dclikooli teadusandmete haldamist k\u00e4sitlevat poliitikat. <a href=\"https:\/\/www.york.ac.uk\/about\/departments\/support-and-admin\/information-services\/information-policy\/index\/research-data-management-policy\/\">https:\/\/www.york.ac.uk\/about\/departments\/support-and-admin\/information-services\/information-policy\/index\/research-data-management-policy\/<\/a><\/p>\n\n\n\n<p><strong>Millistest allikatest me Sinu andmeid saame?<\/strong><\/p>\n\n\n\n<p>Meie k\u00e4sutuses\non andmed, mida saame Sinu kohta vormilt, mille Sa veebisaidil registreerimise\nk\u00e4igus t\u00e4idad, ning k\u00f5igist s\u00f5numitest, mis Sa edastad meile vormil \u201eV\u00f5ta\nmeiega \u00fchendust\u201c.<\/p>\n\n\n\n<p><strong>Milliseid andmeid me kogume?<\/strong><\/p>\n\n\n\n<p>Sinu\nisikuandmeteks, mis on meie k\u00e4sutuses, on Sinu nimi, aadress ja e-posti\naadress, s\u00fcnniaeg ning sugu. Samuti s\u00e4ilitame k\u00f5iki e-posti s\u00f5numeid, mida me\nSinuga vahetame.<\/p>\n\n\n\n<p>Lisaks saad\nlaadida \u00fcles ka Sinu oma merekultuurip\u00e4randit puudutavaid andmeid. Neid andmeid\ns\u00e4ilitatakse hoolikalt ning neid kasutame kas meie ja\/v\u00f5i meie\nprojektipartnerid. Sellisteks andmeteks v\u00f5ivad olla n\u00e4iteks info asukohtade ja\nkuup\u00e4evade kohta, fotod ning videomaterjalid.<\/p>\n\n\n\n<p><br>\nNende andmete jagamine on abiks edasises teadust\u00f6\u00f6s ja haridustegevuses ning nad\naitavad kaasa merekultuurip\u00e4randiga seotud probleemide paremale m\u00f5istmisele.\nSel p\u00f5hjusel v\u00f5idakse anon\u00fc\u00fcmitud andmeid jagada ka projektipartneritega. Oma\nandmete esitamisega n\u00e4itad Sa, et oled meie l\u00e4henemisviisiga n\u00f5ustunud.<\/p>\n\n\n\n<p><strong>Kuidas me isikuandmeid kasutame?<\/strong><\/p>\n\n\n\n<p>Me v\u00f5ime t\u00f6\u00f6delda\nSinu isikuandmeid j\u00e4rgmistel eesm\u00e4rkidel:<\/p>\n\n\n\n<ul><li>konto loomiseks ja haldamiseks<\/li><li>akadeemiliseks teadust\u00f6\u00f6ks (pseudon\u00fc\u00fcmitud\nandmed)<\/li><\/ul>\n\n\n\n<p><strong>Millistel \u00f5iguslikel alustel me Sinu isikuandmeid t\u00f6\u00f6tleme?<\/strong><\/p>\n\n\n\n<p>Me\nt\u00f6\u00f6tleme Sinu isikuandmeid sellep\u00e4rast, et:<\/p>\n\n\n\n<ul><li>see on vajalik meie \u00f5igustatud huvides (vt <a href=\"https:\/\/www.pericles-heritage.eu\/\">https:\/\/www.pericles-heritage.eu<\/a>)<\/li><li>Sa oled andnud selleks meile oma n\u00f5usoleku\n(oma kasutajakonto kaudu saad n\u00f5usoleku igal ajal tagasi v\u00f5tta ja seda hallata)<\/li><\/ul>\n\n\n\n<p><strong>Millistel juhtudel me Sinu isikuandmeid jagame?<\/strong><\/p>\n\n\n\n<p>Me\nk\u00e4sitleme isikuandmeid konfidentsiaalsetena. Me avaldame andmeid kolmandatele\nf\u00fc\u00fcsilistele v\u00f5i juriidilistele isikutele \u00fcksnes siis, kui seadus meid selleks\nkohustab, kui see on vajalik riigi julgeoleku huvides v\u00f5i kuritegude\nuurimiseks, aga ka siis, kui Sa oled meile andnud selleks oma n\u00f5usoleku. K\u00f5ik\nakadeemilisteks teadusuuringuteks kasutatavad andmed pseudon\u00fc\u00fcmitakse.\nV\u00e4ljastpoolt tulevaid andmep\u00e4ringuid k\u00e4sitletakse juhtumip\u00f5hiselt.<\/p>\n\n\n\n<p><strong>Kuidas me tagame Sinu andmete turvalisuse?<\/strong><\/p>\n\n\n\n<p>Me suhtume\nandmete turvalisuse tagamisse v\u00e4ga t\u00f5siselt ja rakendame isikuandmete ja\neriliiki andmete kaitsmiseks asjakohaseid tehnilisi ja organisatsioonilisi\nmeetmeid. Juurdep\u00e4\u00e4s infole on piiratud vajadusp\u00f5hiselt ja turvameetmete sobivuse\ntagamiseks vaadatakse need regulaarselt \u00fcle .<\/p>\n\n\n\n<p>K\u00f5iki\nandmeid s\u00e4ilitatakse turvaliselt Yorki \u00dclikooli serverites. \u00dclikool suhtub\nandmete turvalisuse tagamisse v\u00e4ga t\u00f5siselt ja rakendab isikuandmete ja\neriliiki andmete kaitsmiseks asjakohaseid tehnilisi ja organisatsioonilisi\nmeetmeid. Juurdep\u00e4\u00e4s infole on piiratud vajadusp\u00f5hiselt ja turvameetmete\nsobivuse tagamiseks vaadatakse need regulaarselt \u00fcle. Lisateavet vt&nbsp;<a href=\"https:\/\/www.york.ac.uk\/it-services\/security\/\" target=\"_blank\" rel=\"noreferrer noopener\">https:\/\/www.york.ac.uk\/it-services\/security\/<\/a>.<\/p>\n\n\n\n<p>Teatud\nasjaoludel v\u00f5ib tekkida vajadus edastada Sinu Isikuandmeid v\u00e4ljapoole Euroopa\nMajanduspiirkonda. Sellistel juhtudel t\u00e4idab \u00dclikool andmekaitseseadusest\ntulenevaid kohustusi ja tagab k\u00f5igi edastatavate andmete piisava turvalisuse.<\/p>\n\n\n\n<p>K\u00f5ik meie\nuurimist\u00f6\u00f6s kasutatavad andmed vastavad k\u00f5ikidele asjaomaste \u00f5igusaktide\nn\u00f5uetele ja tegevusnormistikele. Andmete konfidentsiaalsust ja avalikustamise\nriski kontrollitakse infoturbe- ja andmete k\u00e4itlemise p\u00f5him\u00f5tete rakendamise\nteel. Isikud pseudon\u00fc\u00fcmitakse unikaalse ID-koodi abil, mida kasutatakse k\u00f5igi\nelektrooniliste kirjete tuvastamiseks.<\/p>\n\n\n\n<p><strong>Kui kaua me Sinu andmeid s\u00e4ilitame?<\/strong><\/p>\n\n\n\n<p>Me\ns\u00e4ilitame Sinu andmeid ainult nii kaua, kui see on vajalik selle eesm\u00e4rgi\nsaavutamiseks, milleks me neid kasutame. Selleks perioodiks v\u00f5ib olla projekti\nkestus (kolm aastat) ning ka viis aastat p\u00e4rast projekti l\u00f5ppu. See on vajalik\nveebisaidi kaudu saadud kasu maksimeerimiseks ja projekti j\u00e4tkuvuse tagamiseks.\nK\u00f5ik andmed h\u00e4vitatakse turvaliselt.<\/p>\n\n\n\n<p><strong>Mis \u00f5igused Sul oma andmete suhtes on?<\/strong><\/p>\n\n\n\n<p>Vastavalt\nisikuandmete kaitse \u00fcldm\u00e4\u00e4rusele (GDPR) on Sul \u00f5igus olla oma andmete\nkasutamisest informeeritud, \u00f5igus oma andmeid vaadata, neid parandada,\nkustutada (teatud juhtudel), piirata nende kasutamist, esitada nende\nkasutamisele vastuv\u00e4iteid v\u00f5i n\u00f5uda oma andmete \u00fclekandmist (teatud juhtudel).\nSamuti on Sul \u00f5igus oma n\u00f5usolek tagasi v\u00f5tta.<\/p>\n\n\n\n<p><strong>K\u00fcsimused v\u00f5i kahtlused<\/strong><\/p>\n\n\n\n<p>Kui Sul on\nseoses meie isikuandmete kaitse p\u00f5him\u00f5tetega k\u00fcsimusi v\u00f5i kahtlusi, on Sul\nv\u00f5imalik p\u00f6\u00f6rduda meie poole lehek\u00fclje \u201eV\u00f5ta meiega \u00fchendust\u201c kaudu.<\/p>\n\n\n\n<p><strong>Lingid teistele veebisaitidele \/ kolmandate isikute sisule<\/strong><\/p>\n\n\n\n<p>\u00dckski meie\nveebisaidil olev link v\u00e4listele saitidele, ressurssidele ja andmetele ei\nt\u00e4henda, et me oleme need heaks kiitnud ning me ei v\u00f5ta endale mingit vastutust\nlingitud veebisaitide sisu (v\u00f5i seal avaldatud info) eest.<\/p>\n\n\n\n<p><strong>\u00d5igus kaebusi esitada<\/strong><\/p>\n\n\n\n<p>Kui Sa ei\nole rahul sellega, kuidas me Sinu isikuandmeid k\u00e4sitleme, on Sul \u00f5igus p\u00f6\u00f6rduda\nteabevoliniku b\u00fcroo poole. Infot selle kohta, kuidas teabevolinikku oma\nmuredest teavitada, vt&nbsp;<a href=\"http:\/\/www.ico.org.uk\/concerns\" target=\"_blank\" rel=\"noreferrer noopener\">www.ico.org.uk\/concerns<\/a>.<\/p>\n","protected":false},"excerpt":{"rendered":"<p>Portaali tingimused Tere tulemast k\u00fclastama portaali PERICLES. Kui j\u00e4tkad veebisaidi sirvimist ja kasutamist, siis oled n\u00f5ustunud j\u00e4rgima allpool toodud kasutustingimusi, mis koos meie isikuandmete kaitse p\u00f5him\u00f5tetega reguleerivad Sinu ja portaali PERICLES vahelisi suhteid seoses k\u00e4esoleva veebisaidiga. Kui Sa m\u00f5nega s\u00e4testatud tingimustest n\u00f5us ei ole, siis palume Sul loobuda meie veebisaidi kasutamisest. M\u00f5iste \u201ePERICLES\u201c v\u00f5i \u201emeie\u201c<a class=\"excerpt-read-more\" href=\"https:\/\/mapyourheritage.eu\/et\/terms-conditions-privacy\/\" title=\"LoePortaali tingimused ja Isikuandmete puutumatust k\u00e4sitlev teade\">&#8230; Loe edasi &raquo;<\/a><\/p>\n","protected":false},"author":3,"featured_media":0,"parent":0,"menu_order":0,"comment_status":"closed","ping_status":"closed","template":"","meta":{"_monsterinsights_skip_tracking":false,"_monsterinsights_sitenote_active":false,"_monsterinsights_sitenote_note":"","_monsterinsights_sitenote_category":0},"translation":{"provider":"WPGlobus","version":"2.10.4","language":"et","enabled_languages":["en","fr","pt","et","da","nl","el","mt"],"languages":{"en":{"title":true,"content":true,"excerpt":false},"fr":{"title":true,"content":true,"excerpt":false},"pt":{"title":true,"content":true,"excerpt":false},"et":{"title":true,"content":true,"excerpt":false},"da":{"title":true,"content":true,"excerpt":false},"nl":{"title":true,"content":true,"excerpt":false},"el":{"title":true,"content":true,"excerpt":false},"mt":{"title":true,"content":true,"excerpt":false}}},"_links":{"self":[{"href":"https:\/\/mapyourheritage.eu\/et\/wp-json\/wp\/v2\/pages\/67"}],"collection":[{"href":"https:\/\/mapyourheritage.eu\/et\/wp-json\/wp\/v2\/pages"}],"about":[{"href":"https:\/\/mapyourheritage.eu\/et\/wp-json\/wp\/v2\/types\/page"}],"author":[{"embeddable":true,"href":"https:\/\/mapyourheritage.eu\/et\/wp-json\/wp\/v2\/users\/3"}],"replies":[{"embeddable":true,"href":"https:\/\/mapyourheritage.eu\/et\/wp-json\/wp\/v2\/comments?post=67"}],"version-history":[{"count":13,"href":"https:\/\/mapyourheritage.eu\/et\/wp-json\/wp\/v2\/pages\/67\/revisions"}],"predecessor-version":[{"id":170,"href":"https:\/\/mapyourheritage.eu\/et\/wp-json\/wp\/v2\/pages\/67\/revisions\/170"}],"wp:attachment":[{"href":"https:\/\/mapyourheritage.eu\/et\/wp-json\/wp\/v2\/media?parent=67"}],"curies":[{"name":"wp","href":"https:\/\/api.w.org\/{rel}","templated":true}]}}