{"id":91,"date":"2019-10-18T15:13:58","date_gmt":"2019-10-18T15:13:58","guid":{"rendered":"http:\/\/periclesprod.wpengine.com\/?page_id=91"},"modified":"2021-04-29T08:33:34","modified_gmt":"2021-04-29T08:33:34","slug":"about-pericles","status":"publish","type":"page","link":"https:\/\/mapyourheritage.eu\/et\/about-pericles\/","title":{"rendered":"Kohta PERICLES"},"content":{"rendered":"\n<p>PERICLES on ELi teadus- ja innovatsiooniprojekt, mis kestab 2018\u20132021. PERICLES edendab kultuurip\u00e4randi j\u00e4tkusuutlikku ja kaasavat juhtimist Euroopa ranniku- ja merealadel, rakendades unikaalset interdistsiplinaarset ja geograafiliselt laiaulatuslikku l\u00e4henemisviisi. Projekti \u00fcldiseks eesm\u00e4rgiks on luua k\u00f5ikeh\u00f5lmav raamistik, mis aitab merekultuurip\u00e4randit m\u00f5ista, s\u00e4ilitada ja \u00fchiskonna h\u00fcvanguks kasutada, ning seda demonstreerida.<\/p>\n\n\n\n<p>Lisateabe saamiseks palume k\u00fclastada meie veebisaiti: <a href=\"https:\/\/www.pericles-heritage.eu\/\">https:\/\/www.pericles-heritage.eu<\/a><\/p>\n","protected":false},"excerpt":{"rendered":"<p>PERICLES on ELi teadus- ja innovatsiooniprojekt, mis kestab 2018\u20132021. PERICLES edendab kultuurip\u00e4randi j\u00e4tkusuutlikku ja kaasavat juhtimist Euroopa ranniku- ja merealadel, rakendades unikaalset interdistsiplinaarset ja geograafiliselt laiaulatuslikku l\u00e4henemisviisi. Projekti \u00fcldiseks eesm\u00e4rgiks on luua k\u00f5ikeh\u00f5lmav raamistik, mis aitab merekultuurip\u00e4randit m\u00f5ista, s\u00e4ilitada ja \u00fchiskonna h\u00fcvanguks kasutada, ning seda demonstreerida. Lisateabe saamiseks palume k\u00fclastada meie veebisaiti: https:\/\/www.pericles-heritage.eu<\/p>\n","protected":false},"author":4,"featured_media":0,"parent":0,"menu_order":0,"comment_status":"closed","ping_status":"closed","template":"","meta":{"_monsterinsights_skip_tracking":false,"_monsterinsights_sitenote_active":false,"_monsterinsights_sitenote_note":"","_monsterinsights_sitenote_category":0},"translation":{"provider":"WPGlobus","version":"2.10.4","language":"et","enabled_languages":["en","fr","pt","et","da","nl","el","mt"],"languages":{"en":{"title":true,"content":true,"excerpt":false},"fr":{"title":true,"content":true,"excerpt":false},"pt":{"title":true,"content":true,"excerpt":false},"et":{"title":true,"content":true,"excerpt":false},"da":{"title":true,"content":true,"excerpt":false},"nl":{"title":true,"content":true,"excerpt":false},"el":{"title":true,"content":true,"excerpt":false},"mt":{"title":true,"content":true,"excerpt":false}}},"_links":{"self":[{"href":"https:\/\/mapyourheritage.eu\/et\/wp-json\/wp\/v2\/pages\/91"}],"collection":[{"href":"https:\/\/mapyourheritage.eu\/et\/wp-json\/wp\/v2\/pages"}],"about":[{"href":"https:\/\/mapyourheritage.eu\/et\/wp-json\/wp\/v2\/types\/page"}],"author":[{"embeddable":true,"href":"https:\/\/mapyourheritage.eu\/et\/wp-json\/wp\/v2\/users\/4"}],"replies":[{"embeddable":true,"href":"https:\/\/mapyourheritage.eu\/et\/wp-json\/wp\/v2\/comments?post=91"}],"version-history":[{"count":13,"href":"https:\/\/mapyourheritage.eu\/et\/wp-json\/wp\/v2\/pages\/91\/revisions"}],"predecessor-version":[{"id":329,"href":"https:\/\/mapyourheritage.eu\/et\/wp-json\/wp\/v2\/pages\/91\/revisions\/329"}],"wp:attachment":[{"href":"https:\/\/mapyourheritage.eu\/et\/wp-json\/wp\/v2\/media?parent=91"}],"curies":[{"name":"wp","href":"https:\/\/api.w.org\/{rel}","templated":true}]}}