{"id":66,"date":"2019-10-07T12:48:16","date_gmt":"2019-10-07T12:48:16","guid":{"rendered":"http:\/\/periclesprod.wpengine.com\/?page_id=66"},"modified":"2021-04-29T08:37:57","modified_gmt":"2021-04-29T08:37:57","slug":"sourcing","status":"publish","type":"page","link":"https:\/\/mapyourheritage.eu\/fr\/sourcing\/","title":{"rendered":"Remerciements"},"content":{"rendered":"\n<p>Le site internet <a rel=\"noreferrer noopener\" href=\"https:\/\/mapyourheritage.eu\/fr\/\" target=\"_blank\">MapYourHeritage<\/a> utilise des donn\u00e9es issues de diff\u00e9rentes sources\u00a0:<\/p>\n\n\n\n<ul><li>EMODnet &#8211; Le r\u00e9seau europ\u00e9en d&#8217;observation et de donn\u00e9es du milieu marin (<a rel=\"noreferrer noopener\" href=\"http:\/\/www.emodnet.eu\/\" target=\"_blank\">EMODnet<\/a>). EMODnet est financ\u00e9 par l\u2019Union Europ\u00e9enne en vertu du r\u00e8glement (UE) n\u00b0508\/2014 du Parlement europ\u00e9en et du Conseil du 15 mai 2014 relatif au fonds europ\u00e9en pour la p\u00eache et la mer.<\/li><\/ul>\n\n\n\n<ul><li><a rel=\"noreferrer noopener\" aria-label=\"G\u00e9oBretagne (opens in a new tab)\" href=\"https:\/\/cms.geobretagne.fr\/\" target=\"_blank\">G\u00e9oBretagne<\/a> &#8211; G\u00e9oBretagne est un partenariat breton visant \u00e0 promouvoir l\u2019\u00e9change de donn\u00e9es g\u00e9ographiques avec les autorit\u00e9s publiques de l\u2019am\u00e9nagement du territoire.<\/li><\/ul>\n\n\n\n<p>Le concept de la plateforme cartographique PERICLES a \u00e9t\u00e9 inspir\u00e9 par <a rel=\"noreferrer noopener\" href=\"http:\/\/mappingthesea.net\/barra\" target=\"_blank\">Sea Stories<\/a> et une collaboration (<a rel=\"noreferrer noopener\" href=\"https:\/\/doi.org\/10.1016\/j.ocecoaman.2018.01.036\" target=\"_blank\">2013 and ongoing<\/a>) entre Stephen Hurrel (artiste plasticien) et Ruth Brennan (Chercheur sp\u00e9cialiste des sciences sociales marines).<\/p>\n\n\n\n<p>Ce site web a \u00e9t\u00e9 cr\u00e9\u00e9 par <a rel=\"noreferrer noopener\" aria-label=\"Surface Impressions (opens in a new tab)\" href=\"https:\/\/surfaceimpression.digital\/\" target=\"_blank\">Surface Impression<\/a>.<\/p>\n\n\n<p><!--EndFragment--><\/p>","protected":false},"excerpt":{"rendered":"<p>Le site internet MapYourHeritage utilise des donn\u00e9es issues de diff\u00e9rentes sources\u00a0: EMODnet &#8211; Le r\u00e9seau europ\u00e9en d&#8217;observation et de donn\u00e9es du milieu marin (EMODnet). EMODnet est financ\u00e9 par l\u2019Union Europ\u00e9enne en vertu du r\u00e8glement (UE) n\u00b0508\/2014 du Parlement europ\u00e9en et du Conseil du 15 mai 2014 relatif au fonds europ\u00e9en pour la p\u00eache et la<a class=\"excerpt-read-more\" href=\"https:\/\/mapyourheritage.eu\/fr\/sourcing\/\" title=\"LisRemerciements\">&#8230; En savoir plus &raquo;<\/a><\/p>\n","protected":false},"author":3,"featured_media":0,"parent":0,"menu_order":0,"comment_status":"closed","ping_status":"closed","template":"","meta":{"_monsterinsights_skip_tracking":false,"_monsterinsights_sitenote_active":false,"_monsterinsights_sitenote_note":"","_monsterinsights_sitenote_category":0},"translation":{"provider":"WPGlobus","version":"2.10.4","language":"fr","enabled_languages":["en","fr","pt","et","da","nl","el","mt"],"languages":{"en":{"title":true,"content":true,"excerpt":false},"fr":{"title":true,"content":true,"excerpt":false},"pt":{"title":true,"content":true,"excerpt":false},"et":{"title":true,"content":true,"excerpt":false},"da":{"title":true,"content":true,"excerpt":false},"nl":{"title":true,"content":true,"excerpt":false},"el":{"title":true,"content":true,"excerpt":false},"mt":{"title":true,"content":true,"excerpt":false}}},"_links":{"self":[{"href":"https:\/\/mapyourheritage.eu\/fr\/wp-json\/wp\/v2\/pages\/66"}],"collection":[{"href":"https:\/\/mapyourheritage.eu\/fr\/wp-json\/wp\/v2\/pages"}],"about":[{"href":"https:\/\/mapyourheritage.eu\/fr\/wp-json\/wp\/v2\/types\/page"}],"author":[{"embeddable":true,"href":"https:\/\/mapyourheritage.eu\/fr\/wp-json\/wp\/v2\/users\/3"}],"replies":[{"embeddable":true,"href":"https:\/\/mapyourheritage.eu\/fr\/wp-json\/wp\/v2\/comments?post=66"}],"version-history":[{"count":10,"href":"https:\/\/mapyourheritage.eu\/fr\/wp-json\/wp\/v2\/pages\/66\/revisions"}],"predecessor-version":[{"id":331,"href":"https:\/\/mapyourheritage.eu\/fr\/wp-json\/wp\/v2\/pages\/66\/revisions\/331"}],"wp:attachment":[{"href":"https:\/\/mapyourheritage.eu\/fr\/wp-json\/wp\/v2\/media?parent=66"}],"curies":[{"name":"wp","href":"https:\/\/api.w.org\/{rel}","templated":true}]}}