{"id":91,"date":"2019-10-18T15:13:58","date_gmt":"2019-10-18T15:13:58","guid":{"rendered":"http:\/\/periclesprod.wpengine.com\/?page_id=91"},"modified":"2021-04-29T08:33:34","modified_gmt":"2021-04-29T08:33:34","slug":"about-pericles","status":"publish","type":"page","link":"https:\/\/mapyourheritage.eu\/fr\/about-pericles\/","title":{"rendered":"Au sujet de PERICLES"},"content":{"rendered":"\n<p>PERICLES est un projet de recherche et d&#8217;innovation financ\u00e9 par l&#8217;Union Europ\u00e9enne et portant sur la p\u00e9riode 2018-2021. Il promeut une gouvernance participative et durable du patrimoine culturel maritime dans les r\u00e9gions c\u00f4ti\u00e8res et maritimes europ\u00e9ennes gr\u00e2ce \u00e0 une approche globale, multidisciplinaire et g\u00e9ographique particuli\u00e8re. L&#8217;objectif g\u00e9n\u00e9ral du projet est de d\u00e9velopper et d\u2019exp\u00e9rimenter un cadre complet permettant de mieux comprendre, pr\u00e9server et utiliser le patrimoine culturel maritime au b\u00e9n\u00e9fice de la soci\u00e9t\u00e9.<\/p>\n\n\n\n<p>Des informations compl\u00e9mentaires sont disponibles sur le site internet\u00a0du projet: <a href=\"https:\/\/www.pericles-heritage.eu\/\">https:\/\/www.pericles-heritage.eu<\/a><\/p>\n","protected":false},"excerpt":{"rendered":"<p>PERICLES est un projet de recherche et d&#8217;innovation financ\u00e9 par l&#8217;Union Europ\u00e9enne et portant sur la p\u00e9riode 2018-2021. Il promeut une gouvernance participative et durable du patrimoine culturel maritime dans les r\u00e9gions c\u00f4ti\u00e8res et maritimes europ\u00e9ennes gr\u00e2ce \u00e0 une approche globale, multidisciplinaire et g\u00e9ographique particuli\u00e8re. L&#8217;objectif g\u00e9n\u00e9ral du projet est de d\u00e9velopper et d\u2019exp\u00e9rimenter un<a class=\"excerpt-read-more\" href=\"https:\/\/mapyourheritage.eu\/fr\/about-pericles\/\" title=\"LisAu sujet de PERICLES\">&#8230; En savoir plus &raquo;<\/a><\/p>\n","protected":false},"author":4,"featured_media":0,"parent":0,"menu_order":0,"comment_status":"closed","ping_status":"closed","template":"","meta":{"_monsterinsights_skip_tracking":false,"_monsterinsights_sitenote_active":false,"_monsterinsights_sitenote_note":"","_monsterinsights_sitenote_category":0},"translation":{"provider":"WPGlobus","version":"2.10.4","language":"fr","enabled_languages":["en","fr","pt","et","da","nl","el","mt"],"languages":{"en":{"title":true,"content":true,"excerpt":false},"fr":{"title":true,"content":true,"excerpt":false},"pt":{"title":true,"content":true,"excerpt":false},"et":{"title":true,"content":true,"excerpt":false},"da":{"title":true,"content":true,"excerpt":false},"nl":{"title":true,"content":true,"excerpt":false},"el":{"title":true,"content":true,"excerpt":false},"mt":{"title":true,"content":true,"excerpt":false}}},"_links":{"self":[{"href":"https:\/\/mapyourheritage.eu\/fr\/wp-json\/wp\/v2\/pages\/91"}],"collection":[{"href":"https:\/\/mapyourheritage.eu\/fr\/wp-json\/wp\/v2\/pages"}],"about":[{"href":"https:\/\/mapyourheritage.eu\/fr\/wp-json\/wp\/v2\/types\/page"}],"author":[{"embeddable":true,"href":"https:\/\/mapyourheritage.eu\/fr\/wp-json\/wp\/v2\/users\/4"}],"replies":[{"embeddable":true,"href":"https:\/\/mapyourheritage.eu\/fr\/wp-json\/wp\/v2\/comments?post=91"}],"version-history":[{"count":13,"href":"https:\/\/mapyourheritage.eu\/fr\/wp-json\/wp\/v2\/pages\/91\/revisions"}],"predecessor-version":[{"id":329,"href":"https:\/\/mapyourheritage.eu\/fr\/wp-json\/wp\/v2\/pages\/91\/revisions\/329"}],"wp:attachment":[{"href":"https:\/\/mapyourheritage.eu\/fr\/wp-json\/wp\/v2\/media?parent=91"}],"curies":[{"name":"wp","href":"https:\/\/api.w.org\/{rel}","templated":true}]}}