{"id":65,"date":"2019-10-07T12:48:08","date_gmt":"2019-10-07T12:48:08","guid":{"rendered":"http:\/\/periclesprod.wpengine.com\/?page_id=65"},"modified":"2021-09-22T09:32:30","modified_gmt":"2021-09-22T09:32:30","slug":"funding","status":"publish","type":"page","link":"https:\/\/mapyourheritage.eu\/mt\/funding\/","title":{"rendered":"Finanzjament"},"content":{"rendered":"\n<p><strong>Dan il-pro\u0121ett ir\u010bieva fondi mill-programm tal-Kummissjoni\ntal-Unjoni Ewropea Horizon 2020 Research and Innovation programme ta\u0127t il-Grant\nAgreement No. 770504<\/strong><\/p>\n\n\n\n<p><strong>Bagit: 2.5m<\/strong><\/p>\n\n\n\n<p><strong>Imsie\u0127ba: 11<\/strong><\/p>\n\n\n\n<p><strong>Bidu tal-pro\u0121ett: Mejju 1,2018<\/strong><\/p>\n\n\n\n<p><strong>Tul: 36 xhar<\/strong><\/p>\n","protected":false},"excerpt":{"rendered":"<p>Dan il-pro\u0121ett ir\u010bieva fondi mill-programm tal-Kummissjoni tal-Unjoni Ewropea Horizon 2020 Research and Innovation programme ta\u0127t il-Grant Agreement No. 770504 Bagit: 2.5m Imsie\u0127ba: 11 Bidu tal-pro\u0121ett: Mejju 1,2018 Tul: 36 xhar<\/p>\n","protected":false},"author":3,"featured_media":0,"parent":0,"menu_order":0,"comment_status":"closed","ping_status":"closed","template":"","meta":{"_monsterinsights_skip_tracking":false,"_monsterinsights_sitenote_active":false,"_monsterinsights_sitenote_note":"","_monsterinsights_sitenote_category":0},"translation":{"provider":"WPGlobus","version":"2.10.4","language":"mt","enabled_languages":["en","fr","pt","et","da","nl","el","mt"],"languages":{"en":{"title":true,"content":true,"excerpt":false},"fr":{"title":true,"content":true,"excerpt":false},"pt":{"title":true,"content":true,"excerpt":false},"et":{"title":true,"content":true,"excerpt":false},"da":{"title":true,"content":true,"excerpt":false},"nl":{"title":true,"content":true,"excerpt":false},"el":{"title":true,"content":true,"excerpt":false},"mt":{"title":true,"content":true,"excerpt":false}}},"_links":{"self":[{"href":"https:\/\/mapyourheritage.eu\/mt\/wp-json\/wp\/v2\/pages\/65"}],"collection":[{"href":"https:\/\/mapyourheritage.eu\/mt\/wp-json\/wp\/v2\/pages"}],"about":[{"href":"https:\/\/mapyourheritage.eu\/mt\/wp-json\/wp\/v2\/types\/page"}],"author":[{"embeddable":true,"href":"https:\/\/mapyourheritage.eu\/mt\/wp-json\/wp\/v2\/users\/3"}],"replies":[{"embeddable":true,"href":"https:\/\/mapyourheritage.eu\/mt\/wp-json\/wp\/v2\/comments?post=65"}],"version-history":[{"count":8,"href":"https:\/\/mapyourheritage.eu\/mt\/wp-json\/wp\/v2\/pages\/65\/revisions"}],"predecessor-version":[{"id":344,"href":"https:\/\/mapyourheritage.eu\/mt\/wp-json\/wp\/v2\/pages\/65\/revisions\/344"}],"wp:attachment":[{"href":"https:\/\/mapyourheritage.eu\/mt\/wp-json\/wp\/v2\/media?parent=65"}],"curies":[{"name":"wp","href":"https:\/\/api.w.org\/{rel}","templated":true}]}}