{"id":67,"date":"2019-10-07T12:48:48","date_gmt":"2019-10-07T12:48:48","guid":{"rendered":"http:\/\/periclesprod.wpengine.com\/?page_id=67"},"modified":"2020-07-10T10:57:18","modified_gmt":"2020-07-10T10:57:18","slug":"terms-conditions-privacy","status":"publish","type":"page","link":"https:\/\/mapyourheritage.eu\/mt\/terms-conditions-privacy\/","title":{"rendered":"Termini u Kundizzjonijiet u Privatezza"},"content":{"rendered":"\n<p><strong>Termini u Kundizzjonijiet<\/strong><\/p>\n\n\n\n<p>Mer\u0127ba fil-portal PERICLES. Jekk tkompli tibbraw\u017cja u tu\u017ca dan is-sit web, inti\nqed taqbel li tikkonforma u qed tintrabat mat-termini u l-kundizzjonijiet\ntal-u\u017cu li \u0121ejjin, li flimkien mal-politika ta\u2019 privatezza tag\u0127na jirregolaw\nir-relazzjoni ta\u2019 PERICLES mieg\u0127ek fir-rigward ta\u2019 dan is-sit web. Jekk ma\ntaqbilx ma\u2019 xi parti minn dawn it-termini u l-kundizzjonijiet, jekk jog\u0127\u0121bok\ntu\u017cax is-sit web tag\u0127na.<\/p>\n\n\n\n<p>It-terminu \u201cPERICLES\u201d jew \u201clilna\u201d jew \u201ca\u0127na\u201d jirreferi g\u0127as-sid tas-sit web\nli l-uffi\u010b\u010bju rre\u0121istrat tieg\u0127u huwa University of York, Environment and\nGeography Department, York, UK. It-terminu \u201cinti\u201d jirreferi g\u0127all-utent jew\ng\u0127all-vi\u017cwalizzatur tas-sit web tag\u0127na.<\/p>\n\n\n\n<p>L-u\u017cu ta\u2019 dan is-sit web huwa su\u0121\u0121ett g\u0127at-termini tal-u\u017cu li \u0121ejjin:<\/p>\n\n\n\n<ul><li>Il-kontenut tal-pa\u0121ni ta\u2019 dan is-sit web huwa g\u0127all-informazzjoni u l-u\u017cu \u0121enerali tieg\u0127ek biss. Huwa so\u0121\u0121ett g\u0127al tibdil ming\u0127ajr avvi\u017c.<\/li><li>Dan is-sit web ju\u017ca l-cookies biex jimmonitorja l-preferenzi tieg\u0127ek.<\/li><li>La a\u0127na u lanqas l-ebda parti terza ma jipprovdu xi garanzija dwar il-pre\u010bi\u017cjoni, il-puntwalit\u00e0, il-prestazzjoni, il-kompletezza jew l-adegwatezza tal-informazzjoni u l-materjali li jinstabu jew li ji\u0121u offruti fuq dan is-sit web g\u0127al kwalunkwe skop partikolari.<\/li><li>L-u\u017cu tieg\u0127ek ta\u2019 kwalunkwe informazzjoni jew materjal fuq dan is-sit web huwa g\u0127al kollox g\u0127ar-riskju tieg\u0127ek stess, li a\u0127na ma nkunux responsabbli g\u0127alieh. Hija r-responsabbilt\u00e0 tieg\u0127ek stess li ti\u017cgura li kwalunkwe prodott, servizz jew informazzjoni disponibbli permezz ta\u2019 dan is-sit web jissodisfaw ir-rekwi\u017citi spe\u010bifi\u010bi tieg\u0127ek.<\/li><li>Dan is-sit web fih materjal li huwa proprjet\u00e0 tag\u0127na jew illi\u010benzjat lilna. Dan il-materjal jinkludi, i\u017cda mhuwiex limitat g\u0127ad-disinn, l-arran\u0121ament, id-dehra u l-grafika. Ir-riproduzzjoni hija pprojbita \u0127lief skont l-avvi\u017c dwar id-drittijiet tal-awtur, li jag\u0127mel parti minn dawn it-termini u l-kundizzjonijiet.<\/li><li>It-trademarks kollha riprodotti fuq dan is-sit web li mhumiex proprjet\u00e0 tal-operatur, jew m\u2019humiex illi\u010benzjati lilu huma rikonoxxuti fuq is-sit web.<\/li><li>U\u017cu mhux awtorizzat ta\u2019 dan is-sit web jista\u2019 jag\u0127ti lok g\u0127al talba g\u0127ad-danni u\/jew ikun reat kriminali.<\/li><li>Minn \u017cmien g\u0127al \u017cmien, dan is-sit web jista\u2019 jinkludi wkoll links g\u0127al siti web o\u0127rajn. Dawn il-links huma pprovduti g\u0127all-konvenjenza tieg\u0127ek biex jipprovdu aktar informazzjoni. Dawn ma jindikawx li a\u0127na napprovaw is-sit(i) web. Ma g\u0127andna l-ebda responsabbilt\u00e0 g\u0127all-kontenut tas-sit(i) web konness(i).<\/li><li>L-u\u017cu tieg\u0127ek ta\u2019 dan is-sit web u kull tilwima li tirri\u017culta minn dan l-u\u017cu tas-sit web huma so\u0121\u0121etti g\u0127al-li\u0121ijiet tal-Ingilterra, l-Irlanda ta\u2019 Fuq, l-Iskozja u Wales.<\/li><li>Id-data kollha ma\u0127luqa ori\u0121inarjament imtella\u2019 fuq il-portal PERICLES se ti\u0121i ppre\u017centata ta\u0127t li\u010benzja tal-Creative Commons (CC BY-SA 4.0). (<a rel=\"noreferrer noopener\" aria-label=\"https:\/\/creativecommons.org\/licenses\/by-sa\/4.0\/legalcode (opens in a new tab)\" href=\"https:\/\/creativecommons.org\/licenses\/by-sa\/4.0\/legalcode\" target=\"_blank\">https:\/\/creativecommons.org\/licenses\/by-sa\/4.0\/legalcode<\/a>)<\/li><\/ul>\n\n\n\n<p><strong>Dikjarazzjoni ta\u2019 \u010ba\u0127da ta\u2019\nresponsabbilt\u00e0<\/strong><\/p>\n\n\n\n<ul><li>L-informazzjoni pprovduta fuq\ndan is-sit web hija ma\u0127suba biex tipprovdi informazzjoni \u0121enerali biss.<\/li><li>Filwaqt li jsir kull sforz biex il-portal PERICLES jin\u017camm a\u0121\u0121ornat, hija\nr-responsabbilt\u00e0 tieg\u0127ek li tikkuntattja lis-sid tad-data direttament biex tivverifika\nl-pre\u010bi\u017cjoni fejn me\u0127tie\u0121. Fuq dan is-sit web issib links\ng\u0127all-organizzazzjonijiet tas-sors tad-data.<\/li><li>L-utenti jing\u0127ataw il-parir biex jikkonformaw mat-termini u\nl-kundizzjonijiet tal-li\u010benzja tad-data tal-organizzazzjonijiet rilevanti\ntas-sors tad-data.<\/li><li>PERICLES u l-fornituri tad-data mhux se ja\u010b\u010bettaw ir-responsabbilt\u00e0 g\u0127al\nkwalunkwe telf jew dannu li jirri\u017culta minn, jew b\u2019rabta mal-u\u017cu ta\u2019 dan\nil-portal jew kwalunkwe data fi \u0127danu, g\u0127al kwalunkwe ra\u0121uni.<\/li><li>Id-data kollha ma\u0127luqa ori\u0121inarjament imtella\u2019 fuq il-portal\nPERICLES se ti\u0121i ppre\u017centata ta\u0127t li\u010benzja tal-Creative Commons (CC BY-NC-SA\n4.0 unported). (<a href=\"https:\/\/creativecommons.org\/licenses\/by-nc-nd\/4.0\/legalcode\">https:\/\/creativecommons.org\/licenses\/by-nc-nd\/4.0\/legalcode<\/a>)<\/li><\/ul>\n\n\n\n<p>Qrajt u a\u010b\u010bettajt it-termini u l-kundizzjonijiet<\/p>\n\n\n\n<p><strong>Avvi\u017c ta\u2019\nPrivatezza<\/strong><\/p>\n\n\n\n<p><strong>Introduzzjoni<\/strong><\/p>\n\n\n\n<p>Il-privatezza tieg\u0127ek hi importanti g\u0127alina. Dan l-avvi\u017c japplika g\u0127ad-data\nkollha li inti tipprovdi g\u0127al dan is-sit web.<\/p>\n\n\n\n<p>Dan jistabbilixxi l-modi kif l-Universit\u00e0 ta\u2019 York ti\u0121bor, tu\u017ca, ta\u0127\u017cen u\ntikkondividi d-data tieg\u0127ek. Jistabbilixxi wkoll g\u0127al kemm \u017cmien in\u017commu d-data\ntieg\u0127ek u liema drittijiet g\u0127andek fir-rigward tad-data tieg\u0127ek skont\nir-Regolament \u0120enerali dwar il-Protezzjoni tad-Data (GDPR).&nbsp;<\/p>\n\n\n\n<p>Dan is-sit web huwa mi\u017cmum mit-tim PERICLES fl-Universit\u00e0 ta\u2019 York. G\u0127all-finijiet\nta\u2019 dan l-avvi\u017c ta\u2019 privatezza, l-Universit\u00e0 ta\u2019 York hija l-Kontrollur\ntad-Data kif definit fir-Regolament \u0120enerali dwar il-Protezzjoni tad-Data\n(GDPR).<\/p>\n\n\n\n<p>Dan is-sit web isegwi l-Avvi\u017c dwar il-Privatezza \u0120enerali tal-Universit\u00e0\nta\u2019 York (<a href=\"https:\/\/www.york.ac.uk\/records-management\/dp\/your-info\/generalprivacynotice\/\">https:\/\/www.york.ac.uk\/records-management\/dp\/your-info\/generalprivacynotice\/<\/a>). Kwalunkwe dettall spe\u010bifiku huwa\nspe\u010bifiku g\u0127all-portal PERICLES. Jekk jog\u0127\u0121bok aqra\nsew il-politika u kkuntattjana bi kwalunkwe mistoqsija jew t\u0127assib dwar\nil-prattiki ta\u2019 privatezza tag\u0127na.<\/p>\n\n\n\n<p><strong>G\u0127aliex ni\u0121bru d-data tieg\u0127ek?<\/strong><\/p>\n\n\n\n<p>L-informazzjoni\nli tipprovdi se tintu\u017ca mit-tim PERICLES biex jifhem a\u0127jar il-valuri tal-wirt\nkulturali marittimu mi\u017cmuma minn individwi u organizzazzjonijiet.<\/p>\n\n\n\n<p>Il-politika ta\u2019\n\u0120estjoni tad-Data ta\u2019 Ri\u010berka tal-Universit\u00e0 ta\u2019 York hija osservata b\u2019mod\ns\u0127i\u0127. <a href=\"https:\/\/www.york.ac.uk\/about\/departments\/support-and-admin\/information-services\/information-policy\/index\/research-data-management-policy\/\">https:\/\/www.york.ac.uk\/about\/departments\/support-and-admin\/information-services\/information-policy\/index\/research-data-management-policy\/<\/a><\/p>\n\n\n\n<p><strong>Minn fejn in\u0121ibu d-data tieg\u0127ek?<\/strong><\/p>\n\n\n\n<p>A\u0127na n\u017commu data mi\u0121bura minn formola li inti timla meta tirre\u0121istra\nmas-sit web, u kwalunkwe korrispondenza direttament permezz tal-formola ta\u2019 kuntatt.<\/p>\n\n\n\n<p><strong>X\u2019informazzjoni ni\u0121bru?<\/strong><\/p>\n\n\n\n<p>Id-data personali li n\u017commu tikkonsisti f\u2019ismek, l-indirizz u l-indirizz\ntal-posta elettronika, id-data tat-twelid u s-sess. A\u0127na na\u0127\u017cnu wkoll kull\nkorrispondenza elettronika bejn inti stess u a\u0127na.<\/p>\n\n\n\n<p>Tista\u2019 wkoll ittella\u2019 d-data tieg\u0127ek stess dwar il-wirt kulturali\nmarittimu. Id-data se ti\u0121i ma\u0127\u017cuna bir-reqqa u u\u017cata minna u\/jew mill-imsie\u0127ba\nfil-pro\u0121ett tag\u0127na. Tali rekords jistg\u0127u jinkludu, pere\u017cempju, informazzjoni\ndwar post, dati, ritratti u filmati.<\/p>\n\n\n\n<p><br>\nDin il-kondivi\u017cjoni tad-data tg\u0127in biex tkompli r-ri\u010berka, l-edukazzjoni u\nl-fehim nazzjonali tag\u0127na ta\u2019 kwistjonijiet dwar il-wirt kulturali marittimu. G\u0127alhekk,\nid-data anonimizzata tista\u2019 ti\u0121i kondivi\u017ca mal-imsie\u0127ba fil-pro\u0121ett. Bil-pre\u017centazzjoni\ntar-rekords tieg\u0127ek, inti qed tindika li taqbel mal-appro\u010b\u010b tag\u0127na.<\/p>\n\n\n\n<p><strong>Kif nu\u017caw l-informazzjoni personali?<\/strong><\/p>\n\n\n\n<p>A\u0127na nistg\u0127u nippro\u010bessaw id-data personali tieg\u0127ek g\u0127all-finijiet li\n\u0121ejjin:<\/p>\n\n\n\n<ul><li>twaqqif u\namministrazzjoni ta\u2019 kont <\/li><li>ri\u010berka akkademika\n(psewdonimizzata)<\/li><\/ul>\n\n\n\n<p><strong>X\u2019inhi l-ba\u017ci legali tag\u0127na g\u0127all-ippro\u010bessar\ntad-data personali tieg\u0127ek?<\/strong><\/p>\n\n\n\n<p>A\u0127na nippro\u010bessaw id-data personali tieg\u0127ek min\u0127abba li:<\/p>\n\n\n\n<ul><li>dan hu me\u0127tie\u0121\ng\u0127all-interessi le\u0121ittimi tag\u0127na (jekk jog\u0127\u0121bok ara <a href=\"https:\/\/www.pericles-heritage.eu\/\">https:\/\/www.pericles-heritage.eu<\/a>)<\/li><li>inti tajtna l-kunsens\ntieg\u0127ek (tista\u2019 tirtira u timmani\u0121\u0121ja l-kunsens tieg\u0127ek fi kwalunkwe \u0127in\nfil-kont tal-utent tieg\u0127ek)<\/li><\/ul>\n\n\n\n<p><strong>Meta nikkondividu d-data personali?<\/strong><\/p>\n\n\n\n<p>A\u0127na nittrattaw id-data personali b\u2019mod kunfidenzjali. A\u0127na nag\u0127tu\ninformazzjoni biss lil partijiet terzi jew lil individwi meta ni\u0121u obbligati\nbil-li\u0121i, g\u0127al skopijiet ta\u2019 sigurt\u00e0 nazzjonali, g\u0127al investigazzjonijiet\nkriminali, u jekk inti tkun qbilt li nistg\u0127u nag\u0127mlu dan. Kwalunkwe data\npersonali u\u017cata g\u0127ar-ri\u010berka akkademika se tkun psewdonimizzata. It-talbiet\ng\u0127al data minn partijiet esterni se ji\u0121u ttrattati fuq ba\u017ci ta\u2019 ka\u017c b\u2019ka\u017c.<\/p>\n\n\n\n<p><strong>Kif in\u017commu d-data tieg\u0127ek sikura?<\/strong><\/p>\n\n\n\n<p>A\u0127na nie\u0127du s-sigurt\u00e0 tal-informazzjoni b\u2019serjet\u00e0 kbira u implimentajna\nmi\u017curi tekni\u010bi u organizzattivi xierqa biex nipprote\u0121u d-data personali <a>u l-kategorija spe\u010bjali ta\u2019 data<\/a>. L-a\u010b\u010bess\ng\u0127all-informazzjoni huwa ristrett fuq il-ba\u017ci tal-\u0127tie\u0121a ta\u2019 g\u0127arfien u\nl-arran\u0121amenti ta\u2019 sigurt\u00e0 ji\u0121u riveduti b\u2019mod regolari biex ti\u0121i \u017cgurata\nl-adegwatezza kontinwa tag\u0127hom.<\/p>\n\n\n\n<p>Id-data kollha se tin\u0127a\u017cen b\u2019mod sikur fis-servers fl-Universit\u00e0 ta\u2019 York. L-Universit\u00e0\ntie\u0127u s-sigurt\u00e0 tal-informazzjoni b\u2019serjet\u00e0 kbira u implimentat mi\u017curi tekni\u010bi\nu organizzattivi xierqa biex tipprote\u0121i d-data personali u u l-kategorija\nspe\u010bjali ta\u2019 data. L-a\u010b\u010bess g\u0127all-informazzjoni huwa ristrett fuq il-ba\u017ci\ntal-\u0127tie\u0121a ta\u2019 g\u0127arfien u l-arran\u0121amenti ta\u2019 sigurt\u00e0 ji\u0121u riveduti b\u2019mod\nregolari biex ti\u0121i \u017cgurata l-adegwatezza kontinwa tag\u0127hom. G\u0127al aktar\ninformazzjoni ara&nbsp;<a href=\"https:\/\/www.york.ac.uk\/it-services\/security\/\" target=\"_blank\" rel=\"noreferrer noopener\">https:\/\/www.york.ac.uk\/it-services\/security\/<\/a>.<\/p>\n\n\n\n<p>F\u2019\u010berti \u010birkostanzi, jista\u2019 jkun me\u0127tie\u0121 li d-data personali tieg\u0127ek ti\u0121i\ntrasferita barra mi\u017c-\u017bona Ekonomika Ewropea. Fir-rigward ta\u2019 tali\ntrasferimenti, l-Universit\u00e0 se tikkonforma mal-obbligi tag\u0127na skont il-Li\u0121i\ndwar il-Protezzjoni tad-Data u ti\u017cgura livell adegwat ta\u2019 protezzjoni g\u0127ad-data\nkollha trasferita.<\/p>\n\n\n\n<p>Id-data kollha u\u017cata b\u0127ala parti minn din ir-ri\u010berka se tikkonforma\nmar-rekwi\u017citi legali rilevanti kollha u mal-kodi\u010bi ta\u2019 prattika tajba. Ir-riskju\nta\u2019 kunfidenzjalit\u00e0 u ta\u2019 divulgazzjoni huma kkontrollati permezz\ntal-applikazzjoni ta\u2019 politiki dwar is-sigurt\u00e0 tal-informazzjoni u t-trattament\ntad-data. L-individwi se jkunu psewdonimizzati permezz ta\u2019 allokazzjoni ta\u2019 ID\nuniku li se jintu\u017ca biex jidentifika r-rekords elettroni\u010bi kollha.<\/p>\n\n\n\n<p><strong>G\u0127al kemm se n\u017commu d-data tieg\u0127ek?<\/strong><\/p>\n\n\n\n<p>A\u0127na n\u017commu l-informazzjoni tieg\u0127ek biss sakemm ikun me\u0127tie\u0121 g\u0127al kull g\u0127an\nli nu\u017cawha. Dan il-perjodu se jkun g\u0127at-tul tal-pro\u0121ett (tliet snin), mi\u017cjud\nb\u2019\u0127ames snin wara. Dan biex ji\u0121u massimizzati l-benefi\u010b\u010bji miksuba mis-sit web\nu biex ti\u0121i pprovduta kontinwit\u00e0 g\u0127all-pro\u0121ett. Id-data kollha ti\u0121i kkan\u010bellata\nb\u2019mod sigur.<\/p>\n\n\n\n<p><strong>Xi drittijiet g\u0127andek fir-rigward tad-data\ntieg\u0127ek?<\/strong><\/p>\n\n\n\n<p>Skont ir-Regolament \u0120enerali dwar il-Protezzjoni tad-Data (GDPR), inti\ng\u0127andek id-dritt li tkun infurmat, id-dritt ta\u2019 a\u010b\u010bess g\u0127ad-data tieg\u0127ek, id-dritt\nta\u2019 rettifika, t\u0127assir (f\u2019\u010berti \u010birkostanzi), restrizzjoni, o\u0121\u0121ezzjoni jew\nportabbilt\u00e0 (f\u2019\u010berti \u010birkostanzi). G\u0127andek ukoll id-dritt li tirtira l-kunsens.<\/p>\n\n\n\n<p><strong>Kwistjonijiet ta\u2019 t\u0127assib<\/strong><\/p>\n\n\n\n<p>Jekk g\u0127andek xi mistoqsijiet jew t\u0127assib dwar il-prattiki ta\u2019 privatezza\ntag\u0127na jew dwar l-informazzjoni personali tieg\u0127ek, jekk jog\u0127\u0121bok ikkuntattjana\npermezz tal-pa\u0121na ta\u2019 kuntatt.<\/p>\n\n\n\n<p><strong>Links g\u0127al siti web o\u0127ra\/kontenut ta\u2019\npartijiet terzi<\/strong><\/p>\n\n\n\n<p>Kwalunkwe link g\u0127al siti esterni, ri\u017corsi u data misjuba f\u2019dan is-sit web\nma jikkostitwixxix approvazzjoni, u ma nie\u0127du l-ebda responsabbilt\u00e0\ng\u0127all-kontenut ta\u2019 (jew l-informazzjoni li tinsab fi) kwalunkwe sit web\nkonness.<\/p>\n\n\n\n<p><strong>Id-dritt tieg\u0127ek li tilmenta<\/strong><\/p>\n\n\n\n<p>Jekk m\u2019intix kuntent bil-manjiera li biha ttrattajna d-data personali\ntieg\u0127ek, g\u0127andek id-dritt li tressaq ilment quddiem l-Uffi\u010b\u010bju tal-Kummissarju\ng\u0127all-Informazzjoni. G\u0127al informazzjoni dwar ir-rappurtar ta\u2019 t\u0127assib\nlill-Uffi\u010b\u010bju tal-Kummissarju tal-Informazzjoni, ara&nbsp;<a href=\"http:\/\/www.ico.org.uk\/concerns\" target=\"_blank\" rel=\"noreferrer noopener\">www.ico.org.uk\/concerns<\/a>.<\/p>\n","protected":false},"excerpt":{"rendered":"<p>Termini u Kundizzjonijiet Mer\u0127ba fil-portal PERICLES. Jekk tkompli tibbraw\u017cja u tu\u017ca dan is-sit web, inti qed taqbel li tikkonforma u qed tintrabat mat-termini u l-kundizzjonijiet tal-u\u017cu li \u0121ejjin, li flimkien mal-politika ta\u2019 privatezza tag\u0127na jirregolaw ir-relazzjoni ta\u2019 PERICLES mieg\u0127ek fir-rigward ta\u2019 dan is-sit web. Jekk ma taqbilx ma\u2019 xi parti minn dawn it-termini u l-kundizzjonijiet,<a class=\"excerpt-read-more\" href=\"https:\/\/mapyourheritage.eu\/mt\/terms-conditions-privacy\/\" title=\"AqraTermini u Kundizzjonijiet u Privatezza\">&#8230; Aqra iktar &raquo;<\/a><\/p>\n","protected":false},"author":3,"featured_media":0,"parent":0,"menu_order":0,"comment_status":"closed","ping_status":"closed","template":"","meta":{"_monsterinsights_skip_tracking":false,"_monsterinsights_sitenote_active":false,"_monsterinsights_sitenote_note":"","_monsterinsights_sitenote_category":0},"translation":{"provider":"WPGlobus","version":"2.10.4","language":"mt","enabled_languages":["en","fr","pt","et","da","nl","el","mt"],"languages":{"en":{"title":true,"content":true,"excerpt":false},"fr":{"title":true,"content":true,"excerpt":false},"pt":{"title":true,"content":true,"excerpt":false},"et":{"title":true,"content":true,"excerpt":false},"da":{"title":true,"content":true,"excerpt":false},"nl":{"title":true,"content":true,"excerpt":false},"el":{"title":true,"content":true,"excerpt":false},"mt":{"title":true,"content":true,"excerpt":false}}},"_links":{"self":[{"href":"https:\/\/mapyourheritage.eu\/mt\/wp-json\/wp\/v2\/pages\/67"}],"collection":[{"href":"https:\/\/mapyourheritage.eu\/mt\/wp-json\/wp\/v2\/pages"}],"about":[{"href":"https:\/\/mapyourheritage.eu\/mt\/wp-json\/wp\/v2\/types\/page"}],"author":[{"embeddable":true,"href":"https:\/\/mapyourheritage.eu\/mt\/wp-json\/wp\/v2\/users\/3"}],"replies":[{"embeddable":true,"href":"https:\/\/mapyourheritage.eu\/mt\/wp-json\/wp\/v2\/comments?post=67"}],"version-history":[{"count":13,"href":"https:\/\/mapyourheritage.eu\/mt\/wp-json\/wp\/v2\/pages\/67\/revisions"}],"predecessor-version":[{"id":170,"href":"https:\/\/mapyourheritage.eu\/mt\/wp-json\/wp\/v2\/pages\/67\/revisions\/170"}],"wp:attachment":[{"href":"https:\/\/mapyourheritage.eu\/mt\/wp-json\/wp\/v2\/media?parent=67"}],"curies":[{"name":"wp","href":"https:\/\/api.w.org\/{rel}","templated":true}]}}