{"id":68,"date":"2019-10-07T12:49:18","date_gmt":"2019-10-07T12:49:18","guid":{"rendered":"http:\/\/periclesprod.wpengine.com\/?page_id=68"},"modified":"2020-07-10T11:47:38","modified_gmt":"2020-07-10T11:47:38","slug":"contact-us","status":"publish","type":"page","link":"https:\/\/mapyourheritage.eu\/mt\/contact-us\/","title":{"rendered":"Ikkuntatjana"},"content":{"rendered":"\n<p>Jekk g\u0127andek xi mistoqsijiet jew su\u0121\u0121erimenti rigward il-websajt jekk jog\u0127\u0121bok ikkuntattjana billi tu\u017ca l-formola segwenti:<\/p>\n\n\n","protected":false},"excerpt":{"rendered":"<p>Jekk g\u0127andek xi mistoqsijiet jew su\u0121\u0121erimenti rigward il-websajt jekk jog\u0127\u0121bok ikkuntattjana billi tu\u017ca l-formola segwenti:<\/p>\n","protected":false},"author":3,"featured_media":0,"parent":0,"menu_order":0,"comment_status":"closed","ping_status":"closed","template":"","meta":{"_monsterinsights_skip_tracking":false,"_monsterinsights_sitenote_active":false,"_monsterinsights_sitenote_note":"","_monsterinsights_sitenote_category":0},"translation":{"provider":"WPGlobus","version":"2.10.4","language":"mt","enabled_languages":["en","fr","pt","et","da","nl","el","mt"],"languages":{"en":{"title":true,"content":true,"excerpt":false},"fr":{"title":true,"content":true,"excerpt":false},"pt":{"title":true,"content":true,"excerpt":false},"et":{"title":true,"content":true,"excerpt":false},"da":{"title":true,"content":true,"excerpt":false},"nl":{"title":true,"content":true,"excerpt":false},"el":{"title":true,"content":true,"excerpt":false},"mt":{"title":true,"content":true,"excerpt":false}}},"_links":{"self":[{"href":"https:\/\/mapyourheritage.eu\/mt\/wp-json\/wp\/v2\/pages\/68"}],"collection":[{"href":"https:\/\/mapyourheritage.eu\/mt\/wp-json\/wp\/v2\/pages"}],"about":[{"href":"https:\/\/mapyourheritage.eu\/mt\/wp-json\/wp\/v2\/types\/page"}],"author":[{"embeddable":true,"href":"https:\/\/mapyourheritage.eu\/mt\/wp-json\/wp\/v2\/users\/3"}],"replies":[{"embeddable":true,"href":"https:\/\/mapyourheritage.eu\/mt\/wp-json\/wp\/v2\/comments?post=68"}],"version-history":[{"count":7,"href":"https:\/\/mapyourheritage.eu\/mt\/wp-json\/wp\/v2\/pages\/68\/revisions"}],"predecessor-version":[{"id":152,"href":"https:\/\/mapyourheritage.eu\/mt\/wp-json\/wp\/v2\/pages\/68\/revisions\/152"}],"wp:attachment":[{"href":"https:\/\/mapyourheritage.eu\/mt\/wp-json\/wp\/v2\/media?parent=68"}],"curies":[{"name":"wp","href":"https:\/\/api.w.org\/{rel}","templated":true}]}}