{"id":91,"date":"2019-10-18T15:13:58","date_gmt":"2019-10-18T15:13:58","guid":{"rendered":"http:\/\/periclesprod.wpengine.com\/?page_id=91"},"modified":"2021-04-29T08:33:34","modified_gmt":"2021-04-29T08:33:34","slug":"about-pericles","status":"publish","type":"page","link":"https:\/\/mapyourheritage.eu\/mt\/about-pericles\/","title":{"rendered":"Dwar PERICLES"},"content":{"rendered":"\n<p><strong>Il-Pro\u0121ett PERICLES huwa pro\u0121ett ta\u2019 ri\u010berka u innovazzjoni iffinanzjat mill-EU; dan il-pro\u0121ett se jse\u0127\u0127 bejn is-snin 2018-2021. PERICLES jippromwovi sostenibilita, parte\u010bipanza governattiva ta\u2019 wirt kulturali fil kosta tal-Ewropa u re\u0121juni marittimi permezz ta\u2019 appro\u010b\u010b interdixxiplinari u li jil\u0127aq re\u0121juni \u0121eografi\u010bi differenti. L-g\u0127an prin\u010bipali tal-pro\u0121ett huwa li jo\u0127loq u juri qafas komprensiv li bih jinftihem, ji\u0121i preservat u utilizzat il-wirt kulturali marittimu g\u0127al-benefi\u010b\u010bju tas-so\u010bjeta.<\/strong><\/p>\n\n\n\n<p><strong>G\u0127al iktar informazzjoni \u017cur is-sit: <\/strong><a href=\"https:\/\/www.pericles-heritage.eu\/\">https:\/\/www.pericles-heritage.eu<\/a><\/p>\n","protected":false},"excerpt":{"rendered":"<p>Il-Pro\u0121ett PERICLES huwa pro\u0121ett ta\u2019 ri\u010berka u innovazzjoni iffinanzjat mill-EU; dan il-pro\u0121ett se jse\u0127\u0127 bejn is-snin 2018-2021. PERICLES jippromwovi sostenibilita, parte\u010bipanza governattiva ta\u2019 wirt kulturali fil kosta tal-Ewropa u re\u0121juni marittimi permezz ta\u2019 appro\u010b\u010b interdixxiplinari u li jil\u0127aq re\u0121juni \u0121eografi\u010bi differenti. L-g\u0127an prin\u010bipali tal-pro\u0121ett huwa li jo\u0127loq u juri qafas komprensiv li bih jinftihem, ji\u0121i<a class=\"excerpt-read-more\" href=\"https:\/\/mapyourheritage.eu\/mt\/about-pericles\/\" title=\"AqraDwar PERICLES\">&#8230; Aqra iktar &raquo;<\/a><\/p>\n","protected":false},"author":4,"featured_media":0,"parent":0,"menu_order":0,"comment_status":"closed","ping_status":"closed","template":"","meta":{"_monsterinsights_skip_tracking":false,"_monsterinsights_sitenote_active":false,"_monsterinsights_sitenote_note":"","_monsterinsights_sitenote_category":0},"translation":{"provider":"WPGlobus","version":"2.10.4","language":"mt","enabled_languages":["en","fr","pt","et","da","nl","el","mt"],"languages":{"en":{"title":true,"content":true,"excerpt":false},"fr":{"title":true,"content":true,"excerpt":false},"pt":{"title":true,"content":true,"excerpt":false},"et":{"title":true,"content":true,"excerpt":false},"da":{"title":true,"content":true,"excerpt":false},"nl":{"title":true,"content":true,"excerpt":false},"el":{"title":true,"content":true,"excerpt":false},"mt":{"title":true,"content":true,"excerpt":false}}},"_links":{"self":[{"href":"https:\/\/mapyourheritage.eu\/mt\/wp-json\/wp\/v2\/pages\/91"}],"collection":[{"href":"https:\/\/mapyourheritage.eu\/mt\/wp-json\/wp\/v2\/pages"}],"about":[{"href":"https:\/\/mapyourheritage.eu\/mt\/wp-json\/wp\/v2\/types\/page"}],"author":[{"embeddable":true,"href":"https:\/\/mapyourheritage.eu\/mt\/wp-json\/wp\/v2\/users\/4"}],"replies":[{"embeddable":true,"href":"https:\/\/mapyourheritage.eu\/mt\/wp-json\/wp\/v2\/comments?post=91"}],"version-history":[{"count":13,"href":"https:\/\/mapyourheritage.eu\/mt\/wp-json\/wp\/v2\/pages\/91\/revisions"}],"predecessor-version":[{"id":329,"href":"https:\/\/mapyourheritage.eu\/mt\/wp-json\/wp\/v2\/pages\/91\/revisions\/329"}],"wp:attachment":[{"href":"https:\/\/mapyourheritage.eu\/mt\/wp-json\/wp\/v2\/media?parent=91"}],"curies":[{"name":"wp","href":"https:\/\/api.w.org\/{rel}","templated":true}]}}