{"id":65,"date":"2019-10-07T12:48:08","date_gmt":"2019-10-07T12:48:08","guid":{"rendered":"http:\/\/periclesprod.wpengine.com\/?page_id=65"},"modified":"2021-09-22T09:32:30","modified_gmt":"2021-09-22T09:32:30","slug":"funding","status":"publish","type":"page","link":"https:\/\/mapyourheritage.eu\/pt\/funding\/","title":{"rendered":"Financiamento"},"content":{"rendered":"\n<p>Este projeto recebeu financiamento da Comiss\u00e3o Europeia, atrav\u00e9s do Programa-Quadro Comunit\u00e1rio de Investiga\u00e7\u00e3o &amp; Inova\u00e7\u00e3o &#8211; Horizonte 2020. Contrato n.\u00ba 770504.<\/p>\n\n\n\n<p>Or\u00e7amento: \u20ac 2,5 M.<\/p>\n\n\n\n<p>Parceiros: 11<\/p>\n\n\n\n<p>Data de in\u00edcio: 1 de maio de 2018<\/p>\n\n\n\n<p>Dura\u00e7\u00e3o: 36 meses<\/p>\n","protected":false},"excerpt":{"rendered":"<p>Este projeto recebeu financiamento da Comiss\u00e3o Europeia, atrav\u00e9s do Programa-Quadro Comunit\u00e1rio de Investiga\u00e7\u00e3o &amp; Inova\u00e7\u00e3o &#8211; Horizonte 2020. Contrato n.\u00ba 770504. Or\u00e7amento: \u20ac 2,5 M. Parceiros: 11 Data de in\u00edcio: 1 de maio de 2018 Dura\u00e7\u00e3o: 36 meses<\/p>\n","protected":false},"author":3,"featured_media":0,"parent":0,"menu_order":0,"comment_status":"closed","ping_status":"closed","template":"","meta":{"_monsterinsights_skip_tracking":false,"_monsterinsights_sitenote_active":false,"_monsterinsights_sitenote_note":"","_monsterinsights_sitenote_category":0},"translation":{"provider":"WPGlobus","version":"2.10.4","language":"pt","enabled_languages":["en","fr","pt","et","da","nl","el","mt"],"languages":{"en":{"title":true,"content":true,"excerpt":false},"fr":{"title":true,"content":true,"excerpt":false},"pt":{"title":true,"content":true,"excerpt":false},"et":{"title":true,"content":true,"excerpt":false},"da":{"title":true,"content":true,"excerpt":false},"nl":{"title":true,"content":true,"excerpt":false},"el":{"title":true,"content":true,"excerpt":false},"mt":{"title":true,"content":true,"excerpt":false}}},"_links":{"self":[{"href":"https:\/\/mapyourheritage.eu\/pt\/wp-json\/wp\/v2\/pages\/65"}],"collection":[{"href":"https:\/\/mapyourheritage.eu\/pt\/wp-json\/wp\/v2\/pages"}],"about":[{"href":"https:\/\/mapyourheritage.eu\/pt\/wp-json\/wp\/v2\/types\/page"}],"author":[{"embeddable":true,"href":"https:\/\/mapyourheritage.eu\/pt\/wp-json\/wp\/v2\/users\/3"}],"replies":[{"embeddable":true,"href":"https:\/\/mapyourheritage.eu\/pt\/wp-json\/wp\/v2\/comments?post=65"}],"version-history":[{"count":8,"href":"https:\/\/mapyourheritage.eu\/pt\/wp-json\/wp\/v2\/pages\/65\/revisions"}],"predecessor-version":[{"id":344,"href":"https:\/\/mapyourheritage.eu\/pt\/wp-json\/wp\/v2\/pages\/65\/revisions\/344"}],"wp:attachment":[{"href":"https:\/\/mapyourheritage.eu\/pt\/wp-json\/wp\/v2\/media?parent=65"}],"curies":[{"name":"wp","href":"https:\/\/api.w.org\/{rel}","templated":true}]}}