{"id":66,"date":"2019-10-07T12:48:16","date_gmt":"2019-10-07T12:48:16","guid":{"rendered":"http:\/\/periclesprod.wpengine.com\/?page_id=66"},"modified":"2021-04-29T08:37:57","modified_gmt":"2021-04-29T08:37:57","slug":"sourcing","status":"publish","type":"page","link":"https:\/\/mapyourheritage.eu\/pt\/sourcing\/","title":{"rendered":"Agradecimentos"},"content":{"rendered":"\n<p>Este website utiliza dados provenientes das seguintes fontes:<\/p>\n\n\n\n<ul><li>A Rede Europeia de Observa\u00e7\u00e3o e Dados Marinhos (<a rel=\"noreferrer noopener\" aria-label=\"EMODnet (opens in a new tab)\" href=\"http:\/\/www.emodnet.eu\/\" target=\"_blank\">EMODnet<\/a>) &#8211; EMODnet \u00e9 financiada pela Uni\u00e3o Europeia ao abrigo do Regulamento (UE) n.\u00ba 508\/2014 do Parlamento Europeu e do Conselho, de 15 de maio de 2014, relativo ao Fundo Europeu Mar\u00edtimo e das Pescas.<\/li><\/ul>\n\n\n\n<ul><li><a rel=\"noreferrer noopener\" aria-label=\"G\u00e9oBretagne (opens in a new tab)\" href=\"https:\/\/cms.geobretagne.fr\/\" target=\"_blank\">G\u00e9oBretagne<\/a> &#8211; G\u00e9oBretagne \u00e9 uma parceria bret\u00e3 destinada a promover o interc\u00e2mbio de dados geogr\u00e1ficos com as autoridades p\u00fablicas de ordenamento do territ\u00f3rio.<\/li><\/ul>\n\n\n\n<p>O conceito da plataforma cartogr\u00e1fica PERICLES foi inspirado em\u00a0<a rel=\"noreferrer noopener\" href=\"http:\/\/mappingthesea.net\/barra\" target=\"_blank\">Sea Stories<\/a>, um mapa online, interativo, focado nos aspetos culturais do espa\u00e7o mar\u00edtimo (<a rel=\"noreferrer noopener\" href=\"https:\/\/doi.org\/10.1016\/j.ocecoaman.2018.01.036\" target=\"_blank\">em curso desde 2013<\/a>), uma colabora\u00e7\u00e3o arte-ci\u00eancia de Stephen Hurrel (artista visual) e da Doutora Ruth Brennan (investigadora na \u00e1rea das ci\u00eancias sociais e do mar). <\/p>\n\n\n\n<p>Este website foi criado pela <a rel=\"noreferrer noopener\" aria-label=\"Surface Impressions (opens in a new tab)\" href=\"https:\/\/surfaceimpression.digital\/\" target=\"_blank\">Surface Impression<\/a>.<\/p>\n\n\n<p><!--EndFragment--><\/p>","protected":false},"excerpt":{"rendered":"<p>Este website utiliza dados provenientes das seguintes fontes: A Rede Europeia de Observa\u00e7\u00e3o e Dados Marinhos (EMODnet) &#8211; EMODnet \u00e9 financiada pela Uni\u00e3o Europeia ao abrigo do Regulamento (UE) n.\u00ba 508\/2014 do Parlamento Europeu e do Conselho, de 15 de maio de 2014, relativo ao Fundo Europeu Mar\u00edtimo e das Pescas. G\u00e9oBretagne &#8211; G\u00e9oBretagne \u00e9<a class=\"excerpt-read-more\" href=\"https:\/\/mapyourheritage.eu\/pt\/sourcing\/\" title=\"LerAgradecimentos\">&#8230; Leia mais &raquo;<\/a><\/p>\n","protected":false},"author":3,"featured_media":0,"parent":0,"menu_order":0,"comment_status":"closed","ping_status":"closed","template":"","meta":{"_monsterinsights_skip_tracking":false,"_monsterinsights_sitenote_active":false,"_monsterinsights_sitenote_note":"","_monsterinsights_sitenote_category":0},"translation":{"provider":"WPGlobus","version":"2.10.4","language":"pt","enabled_languages":["en","fr","pt","et","da","nl","el","mt"],"languages":{"en":{"title":true,"content":true,"excerpt":false},"fr":{"title":true,"content":true,"excerpt":false},"pt":{"title":true,"content":true,"excerpt":false},"et":{"title":true,"content":true,"excerpt":false},"da":{"title":true,"content":true,"excerpt":false},"nl":{"title":true,"content":true,"excerpt":false},"el":{"title":true,"content":true,"excerpt":false},"mt":{"title":true,"content":true,"excerpt":false}}},"_links":{"self":[{"href":"https:\/\/mapyourheritage.eu\/pt\/wp-json\/wp\/v2\/pages\/66"}],"collection":[{"href":"https:\/\/mapyourheritage.eu\/pt\/wp-json\/wp\/v2\/pages"}],"about":[{"href":"https:\/\/mapyourheritage.eu\/pt\/wp-json\/wp\/v2\/types\/page"}],"author":[{"embeddable":true,"href":"https:\/\/mapyourheritage.eu\/pt\/wp-json\/wp\/v2\/users\/3"}],"replies":[{"embeddable":true,"href":"https:\/\/mapyourheritage.eu\/pt\/wp-json\/wp\/v2\/comments?post=66"}],"version-history":[{"count":10,"href":"https:\/\/mapyourheritage.eu\/pt\/wp-json\/wp\/v2\/pages\/66\/revisions"}],"predecessor-version":[{"id":331,"href":"https:\/\/mapyourheritage.eu\/pt\/wp-json\/wp\/v2\/pages\/66\/revisions\/331"}],"wp:attachment":[{"href":"https:\/\/mapyourheritage.eu\/pt\/wp-json\/wp\/v2\/media?parent=66"}],"curies":[{"name":"wp","href":"https:\/\/api.w.org\/{rel}","templated":true}]}}