{"id":91,"date":"2019-10-18T15:13:58","date_gmt":"2019-10-18T15:13:58","guid":{"rendered":"http:\/\/periclesprod.wpengine.com\/?page_id=91"},"modified":"2021-04-29T08:33:34","modified_gmt":"2021-04-29T08:33:34","slug":"about-pericles","status":"publish","type":"page","link":"https:\/\/mapyourheritage.eu\/pt\/about-pericles\/","title":{"rendered":"Sobre o PERICLES"},"content":{"rendered":"\n<p>O PERICLES \u00e9 um projeto de investiga\u00e7\u00e3o e inova\u00e7\u00e3o financiado pela Uni\u00e3o Europeia, a decorrer entre 2018 e 2021. O projeto promove a governan\u00e7a participativa e sustent\u00e1vel do patrim\u00f3nio cultural nas regi\u00f5es costeiras e mar\u00edtimas europeias, a partir de uma abordagem interdisciplinar e geograficamente diversa. O objetivo geral do projeto \u00e9 desenvolver e testar um modelo concetual para analisar, preservar e usar o patrim\u00f3nio cultural mar\u00edtimo para benef\u00edcio da sociedade.<\/p>\n\n\n\n<p>Para mais informa\u00e7\u00f5es, por favor, visite o nosso website: <a href=\"https:\/\/www.pericles-heritage.eu\/\">https:\/\/www.pericles-heritage.eu<\/a><\/p>\n","protected":false},"excerpt":{"rendered":"<p>O PERICLES \u00e9 um projeto de investiga\u00e7\u00e3o e inova\u00e7\u00e3o financiado pela Uni\u00e3o Europeia, a decorrer entre 2018 e 2021. O projeto promove a governan\u00e7a participativa e sustent\u00e1vel do patrim\u00f3nio cultural nas regi\u00f5es costeiras e mar\u00edtimas europeias, a partir de uma abordagem interdisciplinar e geograficamente diversa. O objetivo geral do projeto \u00e9 desenvolver e testar um<a class=\"excerpt-read-more\" href=\"https:\/\/mapyourheritage.eu\/pt\/about-pericles\/\" title=\"LerSobre o PERICLES\">&#8230; Leia mais &raquo;<\/a><\/p>\n","protected":false},"author":4,"featured_media":0,"parent":0,"menu_order":0,"comment_status":"closed","ping_status":"closed","template":"","meta":{"_monsterinsights_skip_tracking":false,"_monsterinsights_sitenote_active":false,"_monsterinsights_sitenote_note":"","_monsterinsights_sitenote_category":0},"translation":{"provider":"WPGlobus","version":"2.10.4","language":"pt","enabled_languages":["en","fr","pt","et","da","nl","el","mt"],"languages":{"en":{"title":true,"content":true,"excerpt":false},"fr":{"title":true,"content":true,"excerpt":false},"pt":{"title":true,"content":true,"excerpt":false},"et":{"title":true,"content":true,"excerpt":false},"da":{"title":true,"content":true,"excerpt":false},"nl":{"title":true,"content":true,"excerpt":false},"el":{"title":true,"content":true,"excerpt":false},"mt":{"title":true,"content":true,"excerpt":false}}},"_links":{"self":[{"href":"https:\/\/mapyourheritage.eu\/pt\/wp-json\/wp\/v2\/pages\/91"}],"collection":[{"href":"https:\/\/mapyourheritage.eu\/pt\/wp-json\/wp\/v2\/pages"}],"about":[{"href":"https:\/\/mapyourheritage.eu\/pt\/wp-json\/wp\/v2\/types\/page"}],"author":[{"embeddable":true,"href":"https:\/\/mapyourheritage.eu\/pt\/wp-json\/wp\/v2\/users\/4"}],"replies":[{"embeddable":true,"href":"https:\/\/mapyourheritage.eu\/pt\/wp-json\/wp\/v2\/comments?post=91"}],"version-history":[{"count":13,"href":"https:\/\/mapyourheritage.eu\/pt\/wp-json\/wp\/v2\/pages\/91\/revisions"}],"predecessor-version":[{"id":329,"href":"https:\/\/mapyourheritage.eu\/pt\/wp-json\/wp\/v2\/pages\/91\/revisions\/329"}],"wp:attachment":[{"href":"https:\/\/mapyourheritage.eu\/pt\/wp-json\/wp\/v2\/media?parent=91"}],"curies":[{"name":"wp","href":"https:\/\/api.w.org\/{rel}","templated":true}]}}